{"id":46513,"date":"2026-01-27T21:17:48","date_gmt":"2026-01-27T21:17:48","guid":{"rendered":"https:\/\/www.deporteseli.com\/?product=tenis-adidas-ji2266"},"modified":"2026-04-23T04:17:58","modified_gmt":"2026-04-23T04:17:58","slug":"tenis-adidas-ji2266","status":"publish","type":"product","link":"https:\/\/www.deporteseli.com\/?product=tenis-adidas-ji2266","title":{"rendered":"TENIS ADIDAS JI2266"},"content":{"rendered":"<p>El estilo del running se actualiza  Deja que tus pies corran tan libres como tu imaginaci\u00f3n. Esta zapatilla adidas para j\u00f3venes imparables presenta un dise\u00f1o inspirado en el calzado de running retro y una mediasuela con amortiguaci\u00f3n Cloudfoam que te ofrece una pisada m\u00e1s c\u00f3moda. La suela de goma que no deja marcas te proporciona un excelente agarre, mientras que el empeine combina diferentes materiales que recuperan el estilo inconfundible de los 70.    Este producto contiene al menos un 20% de materiales reciclados. Utilizando materiales reciclados, reducimos los residuos, nuestra dependencia de los recursos finitos y la huella que generan los productos que fabricamos.  Horma cl\u00e1sica  Cierre de cordones  Empeine textil y de ante sint\u00e9tico  Forro textil  Mediasuela Cloudfoam  Suela de goma que no deja marcas  Contiene al menos un 20% de material reciclado  Color del art\u00edculo: Cloud White \/ Core Black \/ Grey One  N\u00famero de art\u00edculo: JI2266                                                                                                                                                                                                                                                                                                                                                                                                                                                                                                                                                                                                                                                                                                                                                                                                                                                                                                                                                                                                                                        <\/p>\n","protected":false},"excerpt":{"rendered":"<p>TENIS ADIDAS JI2266<\/p>\n","protected":false},"featured_media":59098,"template":"","meta":[],"product_brand":[],"product_cat":[310],"product_tag":[18],"class_list":{"0":"post-46513","1":"product","2":"type-product","3":"status-publish","4":"has-post-thumbnail","6":"product_cat-nino_calzado_casual","7":"product_tag-adidas","8":"pa_color-unico","9":"pa_talla-141","10":"pa_talla-37-5","11":"pa_talla-145","12":"pa_talla-39-5","13":"thunk-woo-product-list","14":"opn-qv-enable","15":"open-woo-hover-","16":"open-single-product-tab-horizontal","17":"open-shadow-","18":"open-shadow-hover-","20":"first","21":"instock","22":"sale","23":"shipping-taxable","24":"purchasable","25":"product-type-variable"},"jetpack_sharing_enabled":true,"_links":{"self":[{"href":"https:\/\/www.deporteseli.com\/index.php?rest_route=\/wp\/v2\/product\/46513","targetHints":{"allow":["GET"]}}],"collection":[{"href":"https:\/\/www.deporteseli.com\/index.php?rest_route=\/wp\/v2\/product"}],"about":[{"href":"https:\/\/www.deporteseli.com\/index.php?rest_route=\/wp\/v2\/types\/product"}],"wp:featuredmedia":[{"embeddable":true,"href":"https:\/\/www.deporteseli.com\/index.php?rest_route=\/wp\/v2\/media\/59098"}],"wp:attachment":[{"href":"https:\/\/www.deporteseli.com\/index.php?rest_route=%2Fwp%2Fv2%2Fmedia&parent=46513"}],"wp:term":[{"taxonomy":"product_brand","embeddable":true,"href":"https:\/\/www.deporteseli.com\/index.php?rest_route=%2Fwp%2Fv2%2Fproduct_brand&post=46513"},{"taxonomy":"product_cat","embeddable":true,"href":"https:\/\/www.deporteseli.com\/index.php?rest_route=%2Fwp%2Fv2%2Fproduct_cat&post=46513"},{"taxonomy":"product_tag","embeddable":true,"href":"https:\/\/www.deporteseli.com\/index.php?rest_route=%2Fwp%2Fv2%2Fproduct_tag&post=46513"}],"curies":[{"name":"wp","href":"https:\/\/api.w.org\/{rel}","templated":true}]}}