{"id":46497,"date":"2026-01-27T21:17:28","date_gmt":"2026-01-27T21:17:28","guid":{"rendered":"https:\/\/www.deporteseli.com\/?product=mochila-adidas-jx9022"},"modified":"2026-01-27T21:17:29","modified_gmt":"2026-01-27T21:17:29","slug":"mochila-adidas-jx9022","status":"publish","type":"product","link":"https:\/\/www.deporteseli.com\/?product=mochila-adidas-jx9022","title":{"rendered":"MOCHILA ADIDAS JX9022"},"content":{"rendered":"<p>Descripci\u00f3n  Esta mochila adidas es ideal para tener tus cosas organizadas y seguras sin importar lo que te depare el d\u00eda. Las correas acolchadas te garantizan un transporte muy c\u00f3modo. Los bolsillos sin cierre a cada lado te permiten guardar una botella de agua y un paraguas compacto, mientras que el bolsillo frontal con cremallera ofrece espacio suficiente para el m\u00f3vil y las llaves.  Este producto se ha fabricado con al menos un 50% de materiales reciclados. Utilizando materiales reciclados, reducimos los residuos, nuestra dependencia de los recursos finitos y la huella que generan los productos que fabricamos.                                                                                                                                                                                                                                                                                                                                                                                                                                                                                                                                                                                                                                                                                                                                                                                                                                                                                                                                                                                                                                        <\/p>\n","protected":false},"excerpt":{"rendered":"<p>MOCHILA ADIDAS JX9022<\/p>\n","protected":false},"featured_media":59085,"template":"","meta":[],"product_brand":[],"product_cat":[401],"product_tag":[18],"class_list":{"0":"post-46497","1":"product","2":"type-product","3":"status-publish","4":"has-post-thumbnail","6":"product_cat-accesorios_mochilas","7":"product_tag-adidas","8":"pa_color-unico","9":"pa_talla-unica","10":"thunk-woo-product-list","11":"opn-qv-enable","12":"open-woo-hover-","13":"open-single-product-tab-horizontal","14":"open-shadow-","15":"open-shadow-hover-","17":"first","18":"instock","19":"shipping-taxable","20":"purchasable","21":"product-type-variable"},"jetpack_sharing_enabled":true,"_links":{"self":[{"href":"https:\/\/www.deporteseli.com\/index.php?rest_route=\/wp\/v2\/product\/46497","targetHints":{"allow":["GET"]}}],"collection":[{"href":"https:\/\/www.deporteseli.com\/index.php?rest_route=\/wp\/v2\/product"}],"about":[{"href":"https:\/\/www.deporteseli.com\/index.php?rest_route=\/wp\/v2\/types\/product"}],"wp:featuredmedia":[{"embeddable":true,"href":"https:\/\/www.deporteseli.com\/index.php?rest_route=\/wp\/v2\/media\/59085"}],"wp:attachment":[{"href":"https:\/\/www.deporteseli.com\/index.php?rest_route=%2Fwp%2Fv2%2Fmedia&parent=46497"}],"wp:term":[{"taxonomy":"product_brand","embeddable":true,"href":"https:\/\/www.deporteseli.com\/index.php?rest_route=%2Fwp%2Fv2%2Fproduct_brand&post=46497"},{"taxonomy":"product_cat","embeddable":true,"href":"https:\/\/www.deporteseli.com\/index.php?rest_route=%2Fwp%2Fv2%2Fproduct_cat&post=46497"},{"taxonomy":"product_tag","embeddable":true,"href":"https:\/\/www.deporteseli.com\/index.php?rest_route=%2Fwp%2Fv2%2Fproduct_tag&post=46497"}],"curies":[{"name":"wp","href":"https:\/\/api.w.org\/{rel}","templated":true}]}}