{"id":46492,"date":"2026-01-27T21:17:21","date_gmt":"2026-01-27T21:17:21","guid":{"rendered":"https:\/\/www.deporteseli.com\/?product=tenis-adidas-ji3470"},"modified":"2026-04-18T04:19:12","modified_gmt":"2026-04-18T04:19:12","slug":"tenis-adidas-ji3470","status":"publish","type":"product","link":"https:\/\/www.deporteseli.com\/?product=tenis-adidas-ji3470","title":{"rendered":"TENIS ADIDAS JI3470"},"content":{"rendered":"<p>Descripci\u00f3n  Inspirada en el calzado cl\u00e1sico de baloncesto de adidas, esta zapatilla adidas se ha dise\u00f1ado para divertirse a diario. El empeine de piel sint\u00e9tica y la puntera de ante le confieren un estilo pr\u00e9mium. La suela de goma de gran agarre te ofrece una pisada m\u00e1s c\u00f3moda de la ma\u00f1ana a la noche.                                                                                                                                                                                                                                                                                                                                                                                                                                                                                                                                                                                                                                                                                                                                                                                                                                                                                                                                                                                                                                        <\/p>\n","protected":false},"excerpt":{"rendered":"<p>TENIS ADIDAS JI3470<\/p>\n","protected":false},"featured_media":59080,"template":"","meta":[],"product_brand":[],"product_cat":[287],"product_tag":[18],"class_list":{"0":"post-46492","1":"product","2":"type-product","3":"status-publish","4":"has-post-thumbnail","6":"product_cat-mujer_calzado_casual","7":"product_tag-adidas","8":"pa_color-unico","9":"pa_talla-141","10":"pa_talla-36-5","11":"pa_talla-38-5","12":"pa_talla-39-5","13":"thunk-woo-product-list","14":"opn-qv-enable","15":"open-woo-hover-","16":"open-single-product-tab-horizontal","17":"open-shadow-","18":"open-shadow-hover-","20":"first","21":"instock","22":"sale","23":"shipping-taxable","24":"purchasable","25":"product-type-variable"},"jetpack_sharing_enabled":true,"_links":{"self":[{"href":"https:\/\/www.deporteseli.com\/index.php?rest_route=\/wp\/v2\/product\/46492","targetHints":{"allow":["GET"]}}],"collection":[{"href":"https:\/\/www.deporteseli.com\/index.php?rest_route=\/wp\/v2\/product"}],"about":[{"href":"https:\/\/www.deporteseli.com\/index.php?rest_route=\/wp\/v2\/types\/product"}],"wp:featuredmedia":[{"embeddable":true,"href":"https:\/\/www.deporteseli.com\/index.php?rest_route=\/wp\/v2\/media\/59080"}],"wp:attachment":[{"href":"https:\/\/www.deporteseli.com\/index.php?rest_route=%2Fwp%2Fv2%2Fmedia&parent=46492"}],"wp:term":[{"taxonomy":"product_brand","embeddable":true,"href":"https:\/\/www.deporteseli.com\/index.php?rest_route=%2Fwp%2Fv2%2Fproduct_brand&post=46492"},{"taxonomy":"product_cat","embeddable":true,"href":"https:\/\/www.deporteseli.com\/index.php?rest_route=%2Fwp%2Fv2%2Fproduct_cat&post=46492"},{"taxonomy":"product_tag","embeddable":true,"href":"https:\/\/www.deporteseli.com\/index.php?rest_route=%2Fwp%2Fv2%2Fproduct_tag&post=46492"}],"curies":[{"name":"wp","href":"https:\/\/api.w.org\/{rel}","templated":true}]}}