{"id":46484,"date":"2026-01-27T21:17:11","date_gmt":"2026-01-27T21:17:11","guid":{"rendered":"https:\/\/www.deporteseli.com\/?product=tenis-adidas-vl-court-3-0"},"modified":"2026-02-19T05:19:08","modified_gmt":"2026-02-19T05:19:08","slug":"tenis-adidas-vl-court-3-0","status":"publish","type":"product","link":"https:\/\/www.deporteseli.com\/?product=tenis-adidas-vl-court-3-0","title":{"rendered":"TENIS ADIDAS VL COURT 3.0"},"content":{"rendered":"<p>Descripci\u00f3n  Esta zapatilla adidas presenta un dise\u00f1o refinado y f\u00e1cil de combinar con las emblem\u00e1ticas 3 bandas sobre un fondo de tacto suave. La parte superior de ante cuenta con un forro que ofrece una ligera amortiguaci\u00f3n y te permite afrontar el d\u00eda con mayor comodidad. La suela de goma vulcanizada es perfecta para practicar tus trucos de skate o explorar la ciudad.                                                                                                                                                                                                                                                                                                                                                                                                                                                                                                                                                                                                                                                                                                                                                                                                                                                                                                                                                                                                                                        <\/p>\n","protected":false},"excerpt":{"rendered":"<p>TENIS ADIDAS VL COURT 3.0<\/p>\n","protected":false},"featured_media":59075,"template":"","meta":[],"product_brand":[],"product_cat":[261],"product_tag":[18],"class_list":{"0":"post-46484","1":"product","2":"type-product","3":"status-publish","4":"has-post-thumbnail","6":"product_cat-hombre_calzado_casual","7":"product_tag-adidas","8":"pa_color-unico","9":"pa_talla-40-5","10":"pa_talla-41-5","11":"pa_talla-153","12":"pa_talla-42-5","13":"pa_talla-157","14":"pa_talla-45-5","15":"pa_talla-161","16":"thunk-woo-product-list","17":"opn-qv-enable","18":"open-woo-hover-","19":"open-single-product-tab-horizontal","20":"open-shadow-","21":"open-shadow-hover-","23":"first","24":"instock","25":"sale","26":"shipping-taxable","27":"purchasable","28":"product-type-variable"},"jetpack_sharing_enabled":true,"_links":{"self":[{"href":"https:\/\/www.deporteseli.com\/index.php?rest_route=\/wp\/v2\/product\/46484","targetHints":{"allow":["GET"]}}],"collection":[{"href":"https:\/\/www.deporteseli.com\/index.php?rest_route=\/wp\/v2\/product"}],"about":[{"href":"https:\/\/www.deporteseli.com\/index.php?rest_route=\/wp\/v2\/types\/product"}],"wp:featuredmedia":[{"embeddable":true,"href":"https:\/\/www.deporteseli.com\/index.php?rest_route=\/wp\/v2\/media\/59075"}],"wp:attachment":[{"href":"https:\/\/www.deporteseli.com\/index.php?rest_route=%2Fwp%2Fv2%2Fmedia&parent=46484"}],"wp:term":[{"taxonomy":"product_brand","embeddable":true,"href":"https:\/\/www.deporteseli.com\/index.php?rest_route=%2Fwp%2Fv2%2Fproduct_brand&post=46484"},{"taxonomy":"product_cat","embeddable":true,"href":"https:\/\/www.deporteseli.com\/index.php?rest_route=%2Fwp%2Fv2%2Fproduct_cat&post=46484"},{"taxonomy":"product_tag","embeddable":true,"href":"https:\/\/www.deporteseli.com\/index.php?rest_route=%2Fwp%2Fv2%2Fproduct_tag&post=46484"}],"curies":[{"name":"wp","href":"https:\/\/api.w.org\/{rel}","templated":true}]}}