{"id":46460,"date":"2026-01-27T21:16:32","date_gmt":"2026-01-27T21:16:32","guid":{"rendered":"https:\/\/www.deporteseli.com\/?product=tenis-mizuno-enforce-2"},"modified":"2026-03-11T05:18:42","modified_gmt":"2026-03-11T05:18:42","slug":"tenis-mizuno-enforce-2","status":"publish","type":"product","link":"https:\/\/www.deporteseli.com\/?product=tenis-mizuno-enforce-2","title":{"rendered":"TENIS MIZUNO ENFORCE"},"content":{"rendered":"<p>MIZUNO WAVE ENFORCE TOUR 2 CC CORAL 61GC2504  Zapatillas para jugadores t\u00e9cnicos con un juego m\u00e1s agresivo. Amortiguaci\u00f3n ligera, suela plana y upper reforzado garantizan control, estabilidad y durabilidad en partidos exigentes.                                                                                                                                                                                                                                                                                                                                                                                                                                                                                                                                                                                                                                                                                                                                                                                                                                                                                                                                                                                                                                        <\/p>\n","protected":false},"excerpt":{"rendered":"<p>TENIS MIZUNO ENFORCE<\/p>\n","protected":false},"featured_media":59057,"template":"","meta":[],"product_brand":[],"product_cat":[371],"product_tag":[65],"class_list":{"0":"post-46460","1":"product","2":"type-product","3":"status-publish","4":"has-post-thumbnail","6":"product_cat-padel_y_tenis_calzado","7":"product_tag-mizuno","8":"pa_color-unico","9":"pa_talla-151","10":"pa_talla-153","11":"pa_talla-42-5","12":"pa_talla-155","13":"pa_talla-159","14":"thunk-woo-product-list","15":"opn-qv-enable","16":"open-woo-hover-","17":"open-single-product-tab-horizontal","18":"open-shadow-","19":"open-shadow-hover-","21":"first","22":"instock","23":"sale","24":"shipping-taxable","25":"purchasable","26":"product-type-variable"},"jetpack_sharing_enabled":true,"_links":{"self":[{"href":"https:\/\/www.deporteseli.com\/index.php?rest_route=\/wp\/v2\/product\/46460","targetHints":{"allow":["GET"]}}],"collection":[{"href":"https:\/\/www.deporteseli.com\/index.php?rest_route=\/wp\/v2\/product"}],"about":[{"href":"https:\/\/www.deporteseli.com\/index.php?rest_route=\/wp\/v2\/types\/product"}],"wp:featuredmedia":[{"embeddable":true,"href":"https:\/\/www.deporteseli.com\/index.php?rest_route=\/wp\/v2\/media\/59057"}],"wp:attachment":[{"href":"https:\/\/www.deporteseli.com\/index.php?rest_route=%2Fwp%2Fv2%2Fmedia&parent=46460"}],"wp:term":[{"taxonomy":"product_brand","embeddable":true,"href":"https:\/\/www.deporteseli.com\/index.php?rest_route=%2Fwp%2Fv2%2Fproduct_brand&post=46460"},{"taxonomy":"product_cat","embeddable":true,"href":"https:\/\/www.deporteseli.com\/index.php?rest_route=%2Fwp%2Fv2%2Fproduct_cat&post=46460"},{"taxonomy":"product_tag","embeddable":true,"href":"https:\/\/www.deporteseli.com\/index.php?rest_route=%2Fwp%2Fv2%2Fproduct_tag&post=46460"}],"curies":[{"name":"wp","href":"https:\/\/api.w.org\/{rel}","templated":true}]}}