{"id":46452,"date":"2026-01-27T21:16:15","date_gmt":"2026-01-27T21:16:15","guid":{"rendered":"https:\/\/www.deporteseli.com\/?product=tenis-mizuno-enforce"},"modified":"2026-03-15T05:19:14","modified_gmt":"2026-03-15T05:19:14","slug":"tenis-mizuno-enforce","status":"publish","type":"product","link":"https:\/\/www.deporteseli.com\/?product=tenis-mizuno-enforce","title":{"rendered":"TENIS MIZUNO ENFORCE"},"content":{"rendered":"<p>MIZUNO WAVE ENFORCE COURT CC 61GC2435 GRIS OSCURO  Zapatillas de hombre con suela de espiga y dise\u00f1o en gris oscuro. Mizuno Wave Enforce Court CC ofrece amortiguaci\u00f3n, estabilidad y resistencia para tierra batida, con tecnolog\u00eda de alto rendimiento.                                                                                                                                                                                                                                                                                                                                                                                                                                                                                                                                                                                                                                                                                                                                                                                                                                                                                                                                                                                                                                        <\/p>\n","protected":false},"excerpt":{"rendered":"<p>TENIS MIZUNO ENFORCE<\/p>\n","protected":false},"featured_media":59052,"template":"","meta":[],"product_brand":[],"product_cat":[371],"product_tag":[65],"class_list":{"0":"post-46452","1":"product","2":"type-product","3":"status-publish","4":"has-post-thumbnail","6":"product_cat-padel_y_tenis_calzado","7":"product_tag-mizuno","8":"pa_color-unico","9":"pa_talla-153","10":"pa_talla-42-5","11":"pa_talla-155","12":"pa_talla-157","13":"pa_talla-44-5","14":"pa_talla-159","15":"pa_talla-161","16":"thunk-woo-product-list","17":"opn-qv-enable","18":"open-woo-hover-","19":"open-single-product-tab-horizontal","20":"open-shadow-","21":"open-shadow-hover-","23":"first","24":"instock","25":"sale","26":"shipping-taxable","27":"purchasable","28":"product-type-variable"},"jetpack_sharing_enabled":true,"_links":{"self":[{"href":"https:\/\/www.deporteseli.com\/index.php?rest_route=\/wp\/v2\/product\/46452","targetHints":{"allow":["GET"]}}],"collection":[{"href":"https:\/\/www.deporteseli.com\/index.php?rest_route=\/wp\/v2\/product"}],"about":[{"href":"https:\/\/www.deporteseli.com\/index.php?rest_route=\/wp\/v2\/types\/product"}],"wp:featuredmedia":[{"embeddable":true,"href":"https:\/\/www.deporteseli.com\/index.php?rest_route=\/wp\/v2\/media\/59052"}],"wp:attachment":[{"href":"https:\/\/www.deporteseli.com\/index.php?rest_route=%2Fwp%2Fv2%2Fmedia&parent=46452"}],"wp:term":[{"taxonomy":"product_brand","embeddable":true,"href":"https:\/\/www.deporteseli.com\/index.php?rest_route=%2Fwp%2Fv2%2Fproduct_brand&post=46452"},{"taxonomy":"product_cat","embeddable":true,"href":"https:\/\/www.deporteseli.com\/index.php?rest_route=%2Fwp%2Fv2%2Fproduct_cat&post=46452"},{"taxonomy":"product_tag","embeddable":true,"href":"https:\/\/www.deporteseli.com\/index.php?rest_route=%2Fwp%2Fv2%2Fproduct_tag&post=46452"}],"curies":[{"name":"wp","href":"https:\/\/api.w.org\/{rel}","templated":true}]}}