{"id":46438,"date":"2026-01-27T21:15:53","date_gmt":"2026-01-27T21:15:53","guid":{"rendered":"https:\/\/www.deporteseli.com\/?product=tenis-mizuno-phantom-3"},"modified":"2026-04-15T04:17:41","modified_gmt":"2026-04-15T04:17:41","slug":"tenis-mizuno-phantom-3","status":"publish","type":"product","link":"https:\/\/www.deporteseli.com\/?product=tenis-mizuno-phantom-3","title":{"rendered":"TENIS MIZUNO PHANTOM 3"},"content":{"rendered":"<p>Descripci\u00f3n    La Wave Phantom 3 ofrece un excelente equilibrio entre amortiguaci\u00f3n y estabilidad para los jugadores de balonmano. El nuevo upper de mesh y las superposiciones de tejido sint\u00e9tico conforman una estructura muy estable y transpirable, mientras que la aclamada suela, equipada con tecnolog\u00eda de alto nivel, ofrece la m\u00e1xima amortiguaci\u00f3n y una \u00f3ptima sujeci\u00f3n durante los movimientos laterales para que superes a cualquier rival.                                                                                                                                                                                                                                                                                                                                                                                                                                                                                                                                                                                                                                                                                                                                                                                                                                                                                                                                                                                                                                        <\/p>\n","protected":false},"excerpt":{"rendered":"<p>TENIS MIZUNO PHANTOM 3<\/p>\n","protected":false},"featured_media":59047,"template":"","meta":[],"product_brand":[],"product_cat":[345],"product_tag":[65],"class_list":{"0":"post-46438","1":"product","2":"type-product","3":"status-publish","4":"has-post-thumbnail","6":"product_cat-deportes_balonmano","7":"product_tag-mizuno","8":"pa_color-unico","9":"pa_talla-143","10":"pa_talla-145","11":"pa_talla-149","12":"pa_talla-40-5","13":"pa_talla-151","14":"pa_talla-153","15":"pa_talla-42-5","16":"pa_talla-155","17":"pa_talla-157","18":"pa_talla-44-5","19":"pa_talla-159","20":"pa_talla-161","21":"pa_talla-163","22":"thunk-woo-product-list","23":"opn-qv-enable","24":"open-woo-hover-","25":"open-single-product-tab-horizontal","26":"open-shadow-","27":"open-shadow-hover-","29":"first","30":"instock","31":"sale","32":"shipping-taxable","33":"purchasable","34":"product-type-variable"},"jetpack_sharing_enabled":true,"_links":{"self":[{"href":"https:\/\/www.deporteseli.com\/index.php?rest_route=\/wp\/v2\/product\/46438","targetHints":{"allow":["GET"]}}],"collection":[{"href":"https:\/\/www.deporteseli.com\/index.php?rest_route=\/wp\/v2\/product"}],"about":[{"href":"https:\/\/www.deporteseli.com\/index.php?rest_route=\/wp\/v2\/types\/product"}],"wp:featuredmedia":[{"embeddable":true,"href":"https:\/\/www.deporteseli.com\/index.php?rest_route=\/wp\/v2\/media\/59047"}],"wp:attachment":[{"href":"https:\/\/www.deporteseli.com\/index.php?rest_route=%2Fwp%2Fv2%2Fmedia&parent=46438"}],"wp:term":[{"taxonomy":"product_brand","embeddable":true,"href":"https:\/\/www.deporteseli.com\/index.php?rest_route=%2Fwp%2Fv2%2Fproduct_brand&post=46438"},{"taxonomy":"product_cat","embeddable":true,"href":"https:\/\/www.deporteseli.com\/index.php?rest_route=%2Fwp%2Fv2%2Fproduct_cat&post=46438"},{"taxonomy":"product_tag","embeddable":true,"href":"https:\/\/www.deporteseli.com\/index.php?rest_route=%2Fwp%2Fv2%2Fproduct_tag&post=46438"}],"curies":[{"name":"wp","href":"https:\/\/api.w.org\/{rel}","templated":true}]}}