{"id":46428,"date":"2026-01-27T21:15:34","date_gmt":"2026-01-27T21:15:34","guid":{"rendered":"https:\/\/www.deporteseli.com\/?product=tenis-adidas-jr1023"},"modified":"2026-01-27T21:15:44","modified_gmt":"2026-01-27T21:15:44","slug":"tenis-adidas-jr1023","status":"publish","type":"product","link":"https:\/\/www.deporteseli.com\/?product=tenis-adidas-jr1023","title":{"rendered":"TENIS ADIDAS JR1023"},"content":{"rendered":"<p>Descripci\u00f3n  Inspirada en todo un icono del baloncesto, esta zapatilla adidas se ha creado para las futuras estrellas del deporte. El cierre autoadherente te permite pon\u00e9rsela y quit\u00e1rsela en un abrir y cerrar de ojos, porque cada momento de diversi\u00f3n es valioso. Presenta un empeine de piel sint\u00e9tica con refuerzos de ante muy resistente al desgaste y un forro de malla que mantiene sus pies frescos y c\u00f3modos. La suela de goma le proporciona la estabilidad que necesita para dar sus primeros pasos.  Este producto contiene al menos un 20% de materiales reciclados. Utilizando materiales reciclados, reducimos los residuos, nuestra dependencia de los recursos finitos y la huella que generan los productos que fabricamos.                                                                                                                                                                                                                                                                                                                                                                                                                                                                                                                                                                                                                                                                                                                                                                                                                                                                                                                                                                                                                                        <\/p>\n","protected":false},"excerpt":{"rendered":"<p>TENIS ADIDAS JR1023<\/p>\n","protected":false},"featured_media":59038,"template":"","meta":[],"product_brand":[],"product_cat":[310],"product_tag":[18],"class_list":{"0":"post-46428","1":"product","2":"type-product","3":"status-publish","4":"has-post-thumbnail","6":"product_cat-nino_calzado_casual","7":"product_tag-adidas","8":"pa_color-unico","9":"pa_talla-113","10":"pa_talla-115","11":"pa_talla-119","12":"pa_talla-121","13":"pa_talla-123","14":"thunk-woo-product-list","15":"opn-qv-enable","16":"open-woo-hover-","17":"open-single-product-tab-horizontal","18":"open-shadow-","19":"open-shadow-hover-","21":"first","22":"instock","23":"sale","24":"shipping-taxable","25":"purchasable","26":"product-type-variable"},"jetpack_sharing_enabled":true,"_links":{"self":[{"href":"https:\/\/www.deporteseli.com\/index.php?rest_route=\/wp\/v2\/product\/46428","targetHints":{"allow":["GET"]}}],"collection":[{"href":"https:\/\/www.deporteseli.com\/index.php?rest_route=\/wp\/v2\/product"}],"about":[{"href":"https:\/\/www.deporteseli.com\/index.php?rest_route=\/wp\/v2\/types\/product"}],"wp:featuredmedia":[{"embeddable":true,"href":"https:\/\/www.deporteseli.com\/index.php?rest_route=\/wp\/v2\/media\/59038"}],"wp:attachment":[{"href":"https:\/\/www.deporteseli.com\/index.php?rest_route=%2Fwp%2Fv2%2Fmedia&parent=46428"}],"wp:term":[{"taxonomy":"product_brand","embeddable":true,"href":"https:\/\/www.deporteseli.com\/index.php?rest_route=%2Fwp%2Fv2%2Fproduct_brand&post=46428"},{"taxonomy":"product_cat","embeddable":true,"href":"https:\/\/www.deporteseli.com\/index.php?rest_route=%2Fwp%2Fv2%2Fproduct_cat&post=46428"},{"taxonomy":"product_tag","embeddable":true,"href":"https:\/\/www.deporteseli.com\/index.php?rest_route=%2Fwp%2Fv2%2Fproduct_tag&post=46428"}],"curies":[{"name":"wp","href":"https:\/\/api.w.org\/{rel}","templated":true}]}}