{"id":46422,"date":"2026-01-27T21:15:23","date_gmt":"2026-01-27T21:15:23","guid":{"rendered":"https:\/\/www.deporteseli.com\/?product=balon-adidas-ucl-real-madrid-club"},"modified":"2026-04-07T04:18:01","modified_gmt":"2026-04-07T04:18:01","slug":"balon-adidas-ucl-real-madrid-club","status":"publish","type":"product","link":"https:\/\/www.deporteseli.com\/?product=balon-adidas-ucl-real-madrid-club","title":{"rendered":"BALON ADIDAS UCL REAL MADRID CLUB"},"content":{"rendered":"<p>Un bal\u00f3n recreativo del Real Madrid inspirado en el bal\u00f3n para partidos oficiales de la Champions.  Este bal\u00f3n adidas del Real Madrid, cuyo dise\u00f1o esta inspirado en el bal\u00f3n para partidos oficiales de la UCL y con el famoso escudo del club, es perfecto para practicar y jugar entre amigos. Gracias a la resistente cubierta de TPU y los pespuntes cosidos a mano, es capaz de soportar las jugadas m\u00e1s intensas. Bajo la superficie tiene una c\u00e1mara de butilo, por lo que podr\u00e1s pasar menos tiempo hinch\u00e1ndola y m\u00e1s tiempo apoyando tu club favorito.  100 % poliuretano termopl\u00e1stico (reciclado)  Dise\u00f1o cosido a m\u00e1quina  C\u00e1mara de butilo  Escudo del Real Madrid estampado  Logo estampado de la UEFA Champions League  Es necesario inflarlo  Color del art\u00edculo: Almost Lime \/ Silver Metallic \/ Noble Ink  N\u00famero de art\u00edculo: JN7307                                                                                                                                                                                                                                                                                                                                                                                                                                                                                                                                                                                                                                                                                                                                                                                                                                                                                                                                                                                                                                        <\/p>\n","protected":false},"excerpt":{"rendered":"<p>BALON ADIDAS UCL REAL MADRID CLUB<\/p>\n","protected":false},"featured_media":59030,"template":"","meta":[],"product_brand":[],"product_cat":[347],"product_tag":[18],"class_list":{"0":"post-46422","1":"product","2":"type-product","3":"status-publish","4":"has-post-thumbnail","6":"product_cat-deportes_balones","7":"product_tag-adidas","8":"pa_color-unico","9":"pa_talla-169","10":"thunk-woo-product-list","11":"opn-qv-enable","12":"open-woo-hover-","13":"open-single-product-tab-horizontal","14":"open-shadow-","15":"open-shadow-hover-","17":"first","18":"instock","19":"shipping-taxable","20":"purchasable","21":"product-type-variable"},"jetpack_sharing_enabled":true,"_links":{"self":[{"href":"https:\/\/www.deporteseli.com\/index.php?rest_route=\/wp\/v2\/product\/46422","targetHints":{"allow":["GET"]}}],"collection":[{"href":"https:\/\/www.deporteseli.com\/index.php?rest_route=\/wp\/v2\/product"}],"about":[{"href":"https:\/\/www.deporteseli.com\/index.php?rest_route=\/wp\/v2\/types\/product"}],"wp:featuredmedia":[{"embeddable":true,"href":"https:\/\/www.deporteseli.com\/index.php?rest_route=\/wp\/v2\/media\/59030"}],"wp:attachment":[{"href":"https:\/\/www.deporteseli.com\/index.php?rest_route=%2Fwp%2Fv2%2Fmedia&parent=46422"}],"wp:term":[{"taxonomy":"product_brand","embeddable":true,"href":"https:\/\/www.deporteseli.com\/index.php?rest_route=%2Fwp%2Fv2%2Fproduct_brand&post=46422"},{"taxonomy":"product_cat","embeddable":true,"href":"https:\/\/www.deporteseli.com\/index.php?rest_route=%2Fwp%2Fv2%2Fproduct_cat&post=46422"},{"taxonomy":"product_tag","embeddable":true,"href":"https:\/\/www.deporteseli.com\/index.php?rest_route=%2Fwp%2Fv2%2Fproduct_tag&post=46422"}],"curies":[{"name":"wp","href":"https:\/\/api.w.org\/{rel}","templated":true}]}}