{"id":46405,"date":"2026-01-27T21:14:58","date_gmt":"2026-01-27T21:14:58","guid":{"rendered":"https:\/\/www.deporteseli.com\/?product=gel-challenger-15-padel-le"},"modified":"2026-04-09T04:17:44","modified_gmt":"2026-04-09T04:17:44","slug":"gel-challenger-15-padel-le","status":"publish","type":"product","link":"https:\/\/www.deporteseli.com\/?product=gel-challenger-15-padel-le","title":{"rendered":"GEL-CHALLENGER\u2122 15 P\u00e1DEL LE"},"content":{"rendered":"<p>Descripci\u00f3n-  La zapatilla GEL &#8211; CHALLENGER \u2122 15 PADEL L. E. es una de nuestras zapatillas de estabilidad m\u00e1s c\u00f3modas.    Su parte superior suave y con gran soporte se complementa con un collar\u00edn m\u00e1s grueso para crear una envoltura m\u00e1s c\u00f3moda alrededor del pie. La tecnolog\u00eda    WINGWALL \u2122 se encuentra en el flanco para mejorar la estabilidad durante los movimientos laterales. Esta caracter\u00edstica ofrece un buen soporte, para que puedas iniciar el golpe y golpear la bola con mayor velocidad.    El dise\u00f1o de suela exterior completa crea una mayor \u00e1rea de contacto, lo que permite aterrizajes m\u00e1s suaves para una mayor comodidad general.  Tecnolog\u00eda PGUARD\u2122  \u2022 Mejora la durabilidad  \u2022 Plantilla OrthoLite\u2122  \u2022 Plantilla que proporciona amortiguaci\u00f3n y control de la humedad para un ambiente m\u00e1s fresco y seco.  \u2022 Tecnolog\u00eda WINGWALL\u2122  \u2022 Mejora la estabilidad  \u2022 Suela AHARPLUS\u2122  \u2022 La goma ASICS de alta resistencia a la abrasi\u00f3n, ubicada en la zona del tal\u00f3n, es aproximadamente tres veces m\u00e1s duradera que las gomas de suela est\u00e1ndar.  \u2022 Tecnolog\u00eda Rearfoot GEL\u2122  \u2022 Material amortiguador ubicado en la entresuela para amortiguaci\u00f3n y absorci\u00f3n de impactos.  \u2022 La plantilla se produce mediante el proceso de te\u00f1ido en soluci\u00f3n, que reduce el consumo de agua en aproximadamente un 33 % y las emisiones de carbono en aproximadamente un 45 % en comparaci\u00f3n con la tecnolog\u00eda de te\u00f1ido convencional.  \u2022 Suela para pista de p\u00e1del                                                                                                                                                                                                                                                                                                                                                                                                                                                                                                                                                                                                                                                                                                                                                                                                                                                                                                                                                                                                                                        <\/p>\n","protected":false},"excerpt":{"rendered":"<p>GEL-CHALLENGER\u2122 15 P\u00e1DEL LE<\/p>\n","protected":false},"featured_media":59015,"template":"","meta":[],"product_brand":[],"product_cat":[371],"product_tag":[19],"class_list":{"0":"post-46405","1":"product","2":"type-product","3":"status-publish","4":"has-post-thumbnail","6":"product_cat-padel_y_tenis_calzado","7":"product_tag-asics","8":"pa_color-unico","9":"pa_talla-153","10":"pa_talla-42-5","11":"pa_talla-43-5","12":"pa_talla-157","13":"pa_talla-46-5","14":"pa_talla-163","15":"pa_talla-164","16":"thunk-woo-product-list","17":"opn-qv-enable","18":"open-woo-hover-","19":"open-single-product-tab-horizontal","20":"open-shadow-","21":"open-shadow-hover-","23":"first","24":"instock","25":"sale","26":"shipping-taxable","27":"purchasable","28":"product-type-variable"},"jetpack_sharing_enabled":true,"_links":{"self":[{"href":"https:\/\/www.deporteseli.com\/index.php?rest_route=\/wp\/v2\/product\/46405","targetHints":{"allow":["GET"]}}],"collection":[{"href":"https:\/\/www.deporteseli.com\/index.php?rest_route=\/wp\/v2\/product"}],"about":[{"href":"https:\/\/www.deporteseli.com\/index.php?rest_route=\/wp\/v2\/types\/product"}],"wp:featuredmedia":[{"embeddable":true,"href":"https:\/\/www.deporteseli.com\/index.php?rest_route=\/wp\/v2\/media\/59015"}],"wp:attachment":[{"href":"https:\/\/www.deporteseli.com\/index.php?rest_route=%2Fwp%2Fv2%2Fmedia&parent=46405"}],"wp:term":[{"taxonomy":"product_brand","embeddable":true,"href":"https:\/\/www.deporteseli.com\/index.php?rest_route=%2Fwp%2Fv2%2Fproduct_brand&post=46405"},{"taxonomy":"product_cat","embeddable":true,"href":"https:\/\/www.deporteseli.com\/index.php?rest_route=%2Fwp%2Fv2%2Fproduct_cat&post=46405"},{"taxonomy":"product_tag","embeddable":true,"href":"https:\/\/www.deporteseli.com\/index.php?rest_route=%2Fwp%2Fv2%2Fproduct_tag&post=46405"}],"curies":[{"name":"wp","href":"https:\/\/api.w.org\/{rel}","templated":true}]}}