{"id":46385,"date":"2026-01-27T21:14:29","date_gmt":"2026-01-27T21:14:29","guid":{"rendered":"https:\/\/www.deporteseli.com\/?product=bota-adidas-jr5398-25-2"},"modified":"2026-04-09T04:17:42","modified_gmt":"2026-04-09T04:17:42","slug":"bota-adidas-jr5398-25-2","status":"publish","type":"product","link":"https:\/\/www.deporteseli.com\/?product=bota-adidas-jr5398-25-2","title":{"rendered":"BOTA ADIDAS JR5398\/25.2"},"content":{"rendered":"<p>Bota resistente para dominar en la pista cubierta.  En la pista cubierta, cada gesto cuenta gracias a la bota de f\u00fatbol adidas Super Sala Competition 3. El suave empeine de piel sint\u00e9tica y la leng\u00fceta de malla acolchada garantizan la comodidad para que domines el partido. Cambia de direcci\u00f3n en un instante gracias a su suela non-marking rubber outsole.  Horma cl\u00e1sica  Cordones  Parte superior sint\u00e9tica  Forro textil  Leng\u00fceta de malla acolchada  Non-marking rubber outsole para pista cubierta  Color del art\u00edculo: Lucid Blue \/ Cloud White \/ Lucid Lemon  N\u00famero de art\u00edculo: JR5398                                                                                                                                                                                                                                                                                                                                                                                                                                                                                                                                                                                                                                                                                                                                                                                                                                                                                                                                                                                                                                        <\/p>\n","protected":false},"excerpt":{"rendered":"<p>BOTA ADIDAS JR5398\/25.2<\/p>\n","protected":false},"featured_media":59004,"template":"","meta":[],"product_brand":[],"product_cat":[323],"product_tag":[18],"class_list":{"0":"post-46385","1":"product","2":"type-product","3":"status-publish","4":"has-post-thumbnail","6":"product_cat-deportes_futbol_botas_sala","7":"product_tag-adidas","8":"pa_color-unico","9":"pa_talla-149","10":"pa_talla-40-5","11":"pa_talla-41-5","12":"pa_talla-153","13":"pa_talla-42-5","14":"pa_talla-43-5","15":"pa_talla-157","16":"pa_talla-44-5","17":"pa_talla-45-5","18":"pa_talla-161","19":"thunk-woo-product-list","20":"opn-qv-enable","21":"open-woo-hover-","22":"open-single-product-tab-horizontal","23":"open-shadow-","24":"open-shadow-hover-","26":"first","27":"instock","28":"sale","29":"shipping-taxable","30":"purchasable","31":"product-type-variable"},"jetpack_sharing_enabled":true,"_links":{"self":[{"href":"https:\/\/www.deporteseli.com\/index.php?rest_route=\/wp\/v2\/product\/46385","targetHints":{"allow":["GET"]}}],"collection":[{"href":"https:\/\/www.deporteseli.com\/index.php?rest_route=\/wp\/v2\/product"}],"about":[{"href":"https:\/\/www.deporteseli.com\/index.php?rest_route=\/wp\/v2\/types\/product"}],"wp:featuredmedia":[{"embeddable":true,"href":"https:\/\/www.deporteseli.com\/index.php?rest_route=\/wp\/v2\/media\/59004"}],"wp:attachment":[{"href":"https:\/\/www.deporteseli.com\/index.php?rest_route=%2Fwp%2Fv2%2Fmedia&parent=46385"}],"wp:term":[{"taxonomy":"product_brand","embeddable":true,"href":"https:\/\/www.deporteseli.com\/index.php?rest_route=%2Fwp%2Fv2%2Fproduct_brand&post=46385"},{"taxonomy":"product_cat","embeddable":true,"href":"https:\/\/www.deporteseli.com\/index.php?rest_route=%2Fwp%2Fv2%2Fproduct_cat&post=46385"},{"taxonomy":"product_tag","embeddable":true,"href":"https:\/\/www.deporteseli.com\/index.php?rest_route=%2Fwp%2Fv2%2Fproduct_tag&post=46385"}],"curies":[{"name":"wp","href":"https:\/\/api.w.org\/{rel}","templated":true}]}}