{"id":46346,"date":"2026-01-27T21:13:31","date_gmt":"2026-01-27T21:13:31","guid":{"rendered":"https:\/\/www.deporteseli.com\/?product=camisa-puma-682371"},"modified":"2026-03-07T06:27:17","modified_gmt":"2026-03-07T06:27:17","slug":"camisa-puma-682371","status":"publish","type":"product","link":"https:\/\/www.deporteseli.com\/?product=camisa-puma-682371","title":{"rendered":"CAMISA PUMA 682371"},"content":{"rendered":"<p>HISTORIA DEL PRODUCTO.    Adopta un estilo relajado con esta camiseta para mujer.    Con la llamativa marca PUMA y un corte holgado, es perfecta para cualquier aventura.    Muestra tu esp\u00edritu PUMA y deja que tu estilo hable por ti dondequiera que vayas.    CARACTER\u00cdSTICAS Y BENEFICIOS:    Hecho con al menos un 20% de algod\u00f3n reciclado.                                                                                                                                                                                                                                                                                                                                                                                                                                                                                                                                                                                                                                                                                                                                                                                                                                                                                                                                                                                                                                        <\/p>\n","protected":false},"excerpt":{"rendered":"<p>CAMISA PUMA 682371<\/p>\n","protected":false},"featured_media":58984,"template":"","meta":[],"product_brand":[],"product_cat":[269],"product_tag":[32],"class_list":{"0":"post-46346","1":"product","2":"type-product","3":"status-publish","4":"has-post-thumbnail","6":"product_cat-mujer_textil_camisetas","7":"product_tag-puma","8":"pa_color-unico","9":"pa_talla-m","10":"pa_talla-xl","11":"thunk-woo-product-list","12":"opn-qv-enable","13":"open-woo-hover-","14":"open-single-product-tab-horizontal","15":"open-shadow-","16":"open-shadow-hover-","18":"first","19":"instock","20":"shipping-taxable","21":"purchasable","22":"product-type-variable"},"jetpack_sharing_enabled":true,"_links":{"self":[{"href":"https:\/\/www.deporteseli.com\/index.php?rest_route=\/wp\/v2\/product\/46346","targetHints":{"allow":["GET"]}}],"collection":[{"href":"https:\/\/www.deporteseli.com\/index.php?rest_route=\/wp\/v2\/product"}],"about":[{"href":"https:\/\/www.deporteseli.com\/index.php?rest_route=\/wp\/v2\/types\/product"}],"wp:featuredmedia":[{"embeddable":true,"href":"https:\/\/www.deporteseli.com\/index.php?rest_route=\/wp\/v2\/media\/58984"}],"wp:attachment":[{"href":"https:\/\/www.deporteseli.com\/index.php?rest_route=%2Fwp%2Fv2%2Fmedia&parent=46346"}],"wp:term":[{"taxonomy":"product_brand","embeddable":true,"href":"https:\/\/www.deporteseli.com\/index.php?rest_route=%2Fwp%2Fv2%2Fproduct_brand&post=46346"},{"taxonomy":"product_cat","embeddable":true,"href":"https:\/\/www.deporteseli.com\/index.php?rest_route=%2Fwp%2Fv2%2Fproduct_cat&post=46346"},{"taxonomy":"product_tag","embeddable":true,"href":"https:\/\/www.deporteseli.com\/index.php?rest_route=%2Fwp%2Fv2%2Fproduct_tag&post=46346"}],"curies":[{"name":"wp","href":"https:\/\/api.w.org\/{rel}","templated":true}]}}