{"id":46341,"date":"2026-01-27T21:13:24","date_gmt":"2026-01-27T21:13:24","guid":{"rendered":"https:\/\/www.deporteseli.com\/?product=balon-puma-084475-2"},"modified":"2026-03-28T05:20:26","modified_gmt":"2026-03-28T05:20:26","slug":"balon-puma-084475-2","status":"publish","type":"product","link":"https:\/\/www.deporteseli.com\/?product=balon-puma-084475-2","title":{"rendered":"BALON PUMA 084475"},"content":{"rendered":"<p>Impresi\u00f3n de alta calidad.  Resistencia y durabilidad aseguradas.  Costuras visibles para mayor resistencia.  Siente la diferencia en tu juego con las Pelotas Puma PUMA Orbita 7 MS y eleva tu rendimiento a nuevos niveles. Estas pelotas no solo destacan por su est\u00e9tica, sino tambi\u00e9n por su dise\u00f1o pensado para representar movimiento y velocidad.  Lleva tu pasi\u00f3n por el f\u00fatbol al siguiente nivel con estas pelotas excepcionales!                                                                                                                                                                                                                                                                                                                                                                                                                                                                                                                                                                                                                                                                                                                                                                                                                                                                                                                                                                                                                                        <\/p>\n","protected":false},"excerpt":{"rendered":"<p>BALON PUMA 084475<\/p>\n","protected":false},"featured_media":58975,"template":"","meta":[],"product_brand":[],"product_cat":[347],"product_tag":[32],"class_list":{"0":"post-46341","1":"product","2":"type-product","3":"status-publish","4":"has-post-thumbnail","6":"product_cat-deportes_balones","7":"product_tag-puma","8":"pa_color-unico","9":"pa_talla-169","10":"thunk-woo-product-list","11":"opn-qv-enable","12":"open-woo-hover-","13":"open-single-product-tab-horizontal","14":"open-shadow-","15":"open-shadow-hover-","17":"first","18":"instock","19":"shipping-taxable","20":"purchasable","21":"product-type-variable"},"jetpack_sharing_enabled":true,"_links":{"self":[{"href":"https:\/\/www.deporteseli.com\/index.php?rest_route=\/wp\/v2\/product\/46341","targetHints":{"allow":["GET"]}}],"collection":[{"href":"https:\/\/www.deporteseli.com\/index.php?rest_route=\/wp\/v2\/product"}],"about":[{"href":"https:\/\/www.deporteseli.com\/index.php?rest_route=\/wp\/v2\/types\/product"}],"wp:featuredmedia":[{"embeddable":true,"href":"https:\/\/www.deporteseli.com\/index.php?rest_route=\/wp\/v2\/media\/58975"}],"wp:attachment":[{"href":"https:\/\/www.deporteseli.com\/index.php?rest_route=%2Fwp%2Fv2%2Fmedia&parent=46341"}],"wp:term":[{"taxonomy":"product_brand","embeddable":true,"href":"https:\/\/www.deporteseli.com\/index.php?rest_route=%2Fwp%2Fv2%2Fproduct_brand&post=46341"},{"taxonomy":"product_cat","embeddable":true,"href":"https:\/\/www.deporteseli.com\/index.php?rest_route=%2Fwp%2Fv2%2Fproduct_cat&post=46341"},{"taxonomy":"product_tag","embeddable":true,"href":"https:\/\/www.deporteseli.com\/index.php?rest_route=%2Fwp%2Fv2%2Fproduct_tag&post=46341"}],"curies":[{"name":"wp","href":"https:\/\/api.w.org\/{rel}","templated":true}]}}