{"id":46330,"date":"2026-01-27T21:13:06","date_gmt":"2026-01-27T21:13:06","guid":{"rendered":"https:\/\/www.deporteseli.com\/?product=botas-adidas-f50-junior"},"modified":"2026-01-27T21:13:19","modified_gmt":"2026-01-27T21:13:19","slug":"botas-adidas-f50-junior","status":"publish","type":"product","link":"https:\/\/www.deporteseli.com\/?product=botas-adidas-f50-junior","title":{"rendered":"BOTAS ADIDAS F50 JUNIOR"},"content":{"rendered":"<p>Descripci\u00f3n  Deja que tu velocidad hable por ti en el terreno de juego. Siente la adrenalina con las botas adidas F50, con un dise\u00f1o imparable. Esta bota de f\u00fatbol League para adolescentes presenta un empeine Fiberskin con un llamativo estampado Sprintgrid y una leng\u00fceta perforada que favorece la ventilaci\u00f3n. La suela ligera proporciona una aceleraci\u00f3n significativa en las \u00faltimas generaciones de c\u00e9sped artificial.  Caracter\u00edsticas del Producto  HECHO EN PARTE CON MATERIALES RECICLADOS: Hecho en parte con materiales reciclados  REGULAR: Dise\u00f1ado para un ajuste est\u00e1ndar, ni demasiado apretado ni demasiado suelto.  Parte superior de Fiberskin: paquete de materiales dise\u00f1ados que ofrece soporte y sensaci\u00f3n de suavidad con l\u00edneas 3D ubicadas estrat\u00e9gicamente  Sprintgrid: Impresi\u00f3n de guardabarros 2D que emula visualmente el elemento de dise\u00f1o de los modelos de gama alta.  Leng\u00fceta flotante sint\u00e9tica: Leng\u00fceta sint\u00e9tica ligera con orificios perforados para un mayor flujo de aire.  MULTITERRENO: LA CONFIGURACI\u00d3N DE LA SUELA Y LOS TACOS EST\u00c1N OPTIMIZADAS PARA SU USO EN TERRENOS MIXTOS (VARIAS GENERACIONES DE C\u00c9SPED ARTIFICIAL, TERRENO DURO Y C\u00c9SPED NATURAL SECO).  CORD\u00d3N: ajusta el cord\u00f3n para conseguir el ajuste que tu pie                                                                                                                                                                                                                                                                                                                                                                                                                                                                                                                                                                                                                                                                                                                                                                                                                                                                                                                                                                                                                                        <\/p>\n","protected":false},"excerpt":{"rendered":"<p>BOTAS ADIDAS F50 JUNIOR<\/p>\n","protected":false},"featured_media":58968,"template":"","meta":[],"product_brand":[],"product_cat":[318],"product_tag":[18],"class_list":{"0":"post-46330","1":"product","2":"type-product","3":"status-publish","4":"has-post-thumbnail","6":"product_cat-deportes_futbol_botas","7":"product_tag-adidas","8":"pa_color-unico","9":"pa_talla-125","10":"pa_talla-127","11":"pa_talla-129","12":"pa_talla-133","13":"pa_talla-135","14":"pa_talla-35-5","15":"pa_talla-141","16":"pa_talla-36-5","17":"thunk-woo-product-list","18":"opn-qv-enable","19":"open-woo-hover-","20":"open-single-product-tab-horizontal","21":"open-shadow-","22":"open-shadow-hover-","24":"first","25":"instock","26":"sale","27":"shipping-taxable","28":"purchasable","29":"product-type-variable"},"jetpack_sharing_enabled":true,"_links":{"self":[{"href":"https:\/\/www.deporteseli.com\/index.php?rest_route=\/wp\/v2\/product\/46330","targetHints":{"allow":["GET"]}}],"collection":[{"href":"https:\/\/www.deporteseli.com\/index.php?rest_route=\/wp\/v2\/product"}],"about":[{"href":"https:\/\/www.deporteseli.com\/index.php?rest_route=\/wp\/v2\/types\/product"}],"wp:featuredmedia":[{"embeddable":true,"href":"https:\/\/www.deporteseli.com\/index.php?rest_route=\/wp\/v2\/media\/58968"}],"wp:attachment":[{"href":"https:\/\/www.deporteseli.com\/index.php?rest_route=%2Fwp%2Fv2%2Fmedia&parent=46330"}],"wp:term":[{"taxonomy":"product_brand","embeddable":true,"href":"https:\/\/www.deporteseli.com\/index.php?rest_route=%2Fwp%2Fv2%2Fproduct_brand&post=46330"},{"taxonomy":"product_cat","embeddable":true,"href":"https:\/\/www.deporteseli.com\/index.php?rest_route=%2Fwp%2Fv2%2Fproduct_cat&post=46330"},{"taxonomy":"product_tag","embeddable":true,"href":"https:\/\/www.deporteseli.com\/index.php?rest_route=%2Fwp%2Fv2%2Fproduct_tag&post=46330"}],"curies":[{"name":"wp","href":"https:\/\/api.w.org\/{rel}","templated":true}]}}