{"id":46328,"date":"2026-01-27T21:13:03","date_gmt":"2026-01-27T21:13:03","guid":{"rendered":"https:\/\/www.deporteseli.com\/?product=balon-adidas-real-madrid"},"modified":"2026-01-27T21:13:05","modified_gmt":"2026-01-27T21:13:05","slug":"balon-adidas-real-madrid","status":"publish","type":"product","link":"https:\/\/www.deporteseli.com\/?product=balon-adidas-real-madrid","title":{"rendered":"BALON ADIDAS REAL MADRID"},"content":{"rendered":"<p>Descripci\u00f3n  El Real Madrid y la UEFA Champions League son la combinaci\u00f3n perfecta. Este bal\u00f3n adidas Club, que luce colores dorados, une a estos dos gigantes del f\u00fatbol en un dise\u00f1o inspirado en el del bal\u00f3n para partidos oficiales de la UEFA Champions League que incorpora un escudo del club. La robusta cubierta de TPU y la c\u00e1mara de butilo resistente son un equipo imbatible que garantiza que el bal\u00f3n estar\u00e1 a punto para la acci\u00f3n cada vez que quieras echar una partida.                                                                                                                                                                                                                                                                                                                                                                                                                                                                                                                                                                                                                                                                                                                                                                                                                                                                                                                                                                                                                                        <\/p>\n","protected":false},"excerpt":{"rendered":"<p>BALON ADIDAS REAL MADRID<\/p>\n","protected":false},"featured_media":58965,"template":"","meta":[],"product_brand":[],"product_cat":[347],"product_tag":[18],"class_list":{"0":"post-46328","1":"product","2":"type-product","3":"status-publish","4":"has-post-thumbnail","6":"product_cat-deportes_balones","7":"product_tag-adidas","8":"pa_color-unico","9":"pa_talla-169","10":"thunk-woo-product-list","11":"opn-qv-enable","12":"open-woo-hover-","13":"open-single-product-tab-horizontal","14":"open-shadow-","15":"open-shadow-hover-","17":"first","18":"instock","19":"shipping-taxable","20":"purchasable","21":"product-type-variable"},"jetpack_sharing_enabled":true,"_links":{"self":[{"href":"https:\/\/www.deporteseli.com\/index.php?rest_route=\/wp\/v2\/product\/46328","targetHints":{"allow":["GET"]}}],"collection":[{"href":"https:\/\/www.deporteseli.com\/index.php?rest_route=\/wp\/v2\/product"}],"about":[{"href":"https:\/\/www.deporteseli.com\/index.php?rest_route=\/wp\/v2\/types\/product"}],"wp:featuredmedia":[{"embeddable":true,"href":"https:\/\/www.deporteseli.com\/index.php?rest_route=\/wp\/v2\/media\/58965"}],"wp:attachment":[{"href":"https:\/\/www.deporteseli.com\/index.php?rest_route=%2Fwp%2Fv2%2Fmedia&parent=46328"}],"wp:term":[{"taxonomy":"product_brand","embeddable":true,"href":"https:\/\/www.deporteseli.com\/index.php?rest_route=%2Fwp%2Fv2%2Fproduct_brand&post=46328"},{"taxonomy":"product_cat","embeddable":true,"href":"https:\/\/www.deporteseli.com\/index.php?rest_route=%2Fwp%2Fv2%2Fproduct_cat&post=46328"},{"taxonomy":"product_tag","embeddable":true,"href":"https:\/\/www.deporteseli.com\/index.php?rest_route=%2Fwp%2Fv2%2Fproduct_tag&post=46328"}],"curies":[{"name":"wp","href":"https:\/\/api.w.org\/{rel}","templated":true}]}}