{"id":46319,"date":"2026-01-27T21:12:50","date_gmt":"2026-01-27T21:12:50","guid":{"rendered":"https:\/\/www.deporteseli.com\/?product=chandal-puma-689728"},"modified":"2026-03-07T06:27:09","modified_gmt":"2026-03-07T06:27:09","slug":"chandal-puma-689728","status":"publish","type":"product","link":"https:\/\/www.deporteseli.com\/?product=chandal-puma-689728","title":{"rendered":"CHANDAL PUMA 689728"},"content":{"rendered":"<p>El ch\u00e1ndal infantil est\u00e1 fabricado con materiales de alta calidad , proporcionando comodidad y un ajuste perfecto con todas las prendas del armario.    Composici\u00f3n: 66% Algod\u00f3n, 34% Poli\u00e9ster                                                                                                                                                                                                                                                                                                                                                                                                                                                                                                                                                                                                                                                                                                                                                                                                                                                                                                                                                                                                                                        <\/p>\n","protected":false},"excerpt":{"rendered":"<p>CHANDAL PUMA 689728<\/p>\n","protected":false},"featured_media":58959,"template":"","meta":[],"product_brand":[],"product_cat":[380],"product_tag":[32],"class_list":{"0":"post-46319","1":"product","2":"type-product","3":"status-publish","4":"has-post-thumbnail","6":"product_cat-ninas_textil_chandals","7":"product_tag-puma","8":"pa_color-unico","9":"pa_talla-t-12","10":"pa_talla-t-8","11":"thunk-woo-product-list","12":"opn-qv-enable","13":"open-woo-hover-","14":"open-single-product-tab-horizontal","15":"open-shadow-","16":"open-shadow-hover-","18":"first","19":"instock","20":"shipping-taxable","21":"purchasable","22":"product-type-variable"},"jetpack_sharing_enabled":true,"_links":{"self":[{"href":"https:\/\/www.deporteseli.com\/index.php?rest_route=\/wp\/v2\/product\/46319","targetHints":{"allow":["GET"]}}],"collection":[{"href":"https:\/\/www.deporteseli.com\/index.php?rest_route=\/wp\/v2\/product"}],"about":[{"href":"https:\/\/www.deporteseli.com\/index.php?rest_route=\/wp\/v2\/types\/product"}],"wp:featuredmedia":[{"embeddable":true,"href":"https:\/\/www.deporteseli.com\/index.php?rest_route=\/wp\/v2\/media\/58959"}],"wp:attachment":[{"href":"https:\/\/www.deporteseli.com\/index.php?rest_route=%2Fwp%2Fv2%2Fmedia&parent=46319"}],"wp:term":[{"taxonomy":"product_brand","embeddable":true,"href":"https:\/\/www.deporteseli.com\/index.php?rest_route=%2Fwp%2Fv2%2Fproduct_brand&post=46319"},{"taxonomy":"product_cat","embeddable":true,"href":"https:\/\/www.deporteseli.com\/index.php?rest_route=%2Fwp%2Fv2%2Fproduct_cat&post=46319"},{"taxonomy":"product_tag","embeddable":true,"href":"https:\/\/www.deporteseli.com\/index.php?rest_route=%2Fwp%2Fv2%2Fproduct_tag&post=46319"}],"curies":[{"name":"wp","href":"https:\/\/api.w.org\/{rel}","templated":true}]}}