{"id":46316,"date":"2026-01-27T21:12:45","date_gmt":"2026-01-27T21:12:45","guid":{"rendered":"https:\/\/www.deporteseli.com\/?product=chandal-puma-689720"},"modified":"2026-03-07T06:27:06","modified_gmt":"2026-03-07T06:27:06","slug":"chandal-puma-689720","status":"publish","type":"product","link":"https:\/\/www.deporteseli.com\/?product=chandal-puma-689720","title":{"rendered":"CHANDAL PUMA 689720"},"content":{"rendered":"<p>Descripci\u00f3n  Descubre el ch\u00e1ndal Puma Sport Poly Sui infantil en color Dark Olive, dise\u00f1ado para ofrecer comodidad y estilo a los m\u00e1s peque\u00f1os.  Este ch\u00e1ndal cuenta con un ajuste regular que se adapta perfectamente al cuerpo, asegurando que los ni\u00f1os puedan moverse libremente mientras juegan o realizan actividades deportivas.  El material principal es tricot, lo que proporciona una sensaci\u00f3n suave y ligera. Adem\u00e1s, las mangas largas ofrecen calidez en d\u00edas frescos, mientras que el cierre de cremallera completa permite poner y quitar el ch\u00e1ndal con facilidad.  Su largo es regular y cuenta con un aumento medio, ideal para el crecimiento infantil.  Disfruta de la practicidad de sus bolsillos laterales, perfectos para guardar peque\u00f1as pertenencias. La cintura el\u00e1stica con cord\u00f3n interior garantiza un ajuste seguro y c\u00f3modo.  El ch\u00e1ndal Puma Sport Poly Sui es la elecci\u00f3n perfecta para que los ni\u00f1os se vean bien y se sientan bien en cualquier ocasi\u00f3n.    Caracter\u00edsticas  Ch\u00e1ndal  Ajuste: Regular  Material principal: Tricot  Mangas largas  Cierre: Cremallera completa  Largo: Regular  Aumento: medio  Bolsillos: bolsillo lateral  Cintura el\u00e1stica con cord\u00f3n interior                                                                                                                                                                                                                                                                                                                                                                                                                                                                                                                                                                                                                                                                                                                                                                                                                                                                                                                                                                                                                                        <\/p>\n","protected":false},"excerpt":{"rendered":"<p>CHANDAL PUMA 689720<\/p>\n","protected":false},"featured_media":58957,"template":"","meta":[],"product_brand":[],"product_cat":[273],"product_tag":[32],"class_list":{"0":"post-46316","1":"product","2":"type-product","3":"status-publish","4":"has-post-thumbnail","6":"product_cat-mujer_textil_chandals","7":"product_tag-puma","8":"pa_color-unico","9":"pa_talla-t-10","10":"pa_talla-t-12","11":"thunk-woo-product-list","12":"opn-qv-enable","13":"open-woo-hover-","14":"open-single-product-tab-horizontal","15":"open-shadow-","16":"open-shadow-hover-","18":"first","19":"instock","20":"shipping-taxable","21":"purchasable","22":"product-type-variable"},"jetpack_sharing_enabled":true,"_links":{"self":[{"href":"https:\/\/www.deporteseli.com\/index.php?rest_route=\/wp\/v2\/product\/46316","targetHints":{"allow":["GET"]}}],"collection":[{"href":"https:\/\/www.deporteseli.com\/index.php?rest_route=\/wp\/v2\/product"}],"about":[{"href":"https:\/\/www.deporteseli.com\/index.php?rest_route=\/wp\/v2\/types\/product"}],"wp:featuredmedia":[{"embeddable":true,"href":"https:\/\/www.deporteseli.com\/index.php?rest_route=\/wp\/v2\/media\/58957"}],"wp:attachment":[{"href":"https:\/\/www.deporteseli.com\/index.php?rest_route=%2Fwp%2Fv2%2Fmedia&parent=46316"}],"wp:term":[{"taxonomy":"product_brand","embeddable":true,"href":"https:\/\/www.deporteseli.com\/index.php?rest_route=%2Fwp%2Fv2%2Fproduct_brand&post=46316"},{"taxonomy":"product_cat","embeddable":true,"href":"https:\/\/www.deporteseli.com\/index.php?rest_route=%2Fwp%2Fv2%2Fproduct_cat&post=46316"},{"taxonomy":"product_tag","embeddable":true,"href":"https:\/\/www.deporteseli.com\/index.php?rest_route=%2Fwp%2Fv2%2Fproduct_tag&post=46316"}],"curies":[{"name":"wp","href":"https:\/\/api.w.org\/{rel}","templated":true}]}}