{"id":46300,"date":"2026-01-27T21:12:19","date_gmt":"2026-01-27T21:12:19","guid":{"rendered":"https:\/\/www.deporteseli.com\/?product=short-puma-526002"},"modified":"2026-03-07T06:26:50","modified_gmt":"2026-03-07T06:26:50","slug":"short-puma-526002","status":"publish","type":"product","link":"https:\/\/www.deporteseli.com\/?product=short-puma-526002","title":{"rendered":"SHORT PUMA 526002"},"content":{"rendered":"<p>Descripci\u00f3n  Descubre el Boxer Puma W Strong Ruby Shimmer para mujer, una prenda de ropa interior que combina comodidad y estilo. Su cintura el\u00e1stica garantiza un ajuste perfecto, mientras que el dise\u00f1o moderno lo convierte en una opci\u00f3n vers\u00e1til para cualquier ocasi\u00f3n.  Fabricado con un tejido suave, este boxer corto ofrece la suavidad necesaria para el uso diario.  Con un ajuste regular, se adapta a tu figura sin sacrificar comodidad.  El logo de la marca agrega un toque distintivo al dise\u00f1o.  El color Ruby Shimmer da un aire fresco y elegante a tu colecci\u00f3n de ropa \u00edntima.  Opta por el Boxer Puma W Strong y disfruta de la perfecta combinaci\u00f3n entre moda y confort en cada momento del d\u00eda.    Caracter\u00edsticas  Boxer corto  Cintura el\u00e1stica  Dise\u00f1o moderno y vers\u00e1til  Tejido suave  Ajuste regular  Logo de la marca  Color del producto: Ruby Shimmer                                                                                                                                                                                                                                                                                                                                                                                                                                                                                                                                                                                                                                                                                                                                                                                                                                                                                                                                                                                                                                        <\/p>\n","protected":false},"excerpt":{"rendered":"<p>SHORT PUMA 526002<\/p>\n","protected":false},"featured_media":58946,"template":"","meta":[],"product_brand":[],"product_cat":[277],"product_tag":[32],"class_list":{"0":"post-46300","1":"product","2":"type-product","3":"status-publish","4":"has-post-thumbnail","6":"product_cat-mujer_textil_shorts","7":"product_tag-puma","8":"pa_color-unico","9":"pa_talla-l","10":"pa_talla-m","11":"thunk-woo-product-list","12":"opn-qv-enable","13":"open-woo-hover-","14":"open-single-product-tab-horizontal","15":"open-shadow-","16":"open-shadow-hover-","18":"first","19":"instock","20":"shipping-taxable","21":"purchasable","22":"product-type-variable"},"jetpack_sharing_enabled":true,"_links":{"self":[{"href":"https:\/\/www.deporteseli.com\/index.php?rest_route=\/wp\/v2\/product\/46300","targetHints":{"allow":["GET"]}}],"collection":[{"href":"https:\/\/www.deporteseli.com\/index.php?rest_route=\/wp\/v2\/product"}],"about":[{"href":"https:\/\/www.deporteseli.com\/index.php?rest_route=\/wp\/v2\/types\/product"}],"wp:featuredmedia":[{"embeddable":true,"href":"https:\/\/www.deporteseli.com\/index.php?rest_route=\/wp\/v2\/media\/58946"}],"wp:attachment":[{"href":"https:\/\/www.deporteseli.com\/index.php?rest_route=%2Fwp%2Fv2%2Fmedia&parent=46300"}],"wp:term":[{"taxonomy":"product_brand","embeddable":true,"href":"https:\/\/www.deporteseli.com\/index.php?rest_route=%2Fwp%2Fv2%2Fproduct_brand&post=46300"},{"taxonomy":"product_cat","embeddable":true,"href":"https:\/\/www.deporteseli.com\/index.php?rest_route=%2Fwp%2Fv2%2Fproduct_cat&post=46300"},{"taxonomy":"product_tag","embeddable":true,"href":"https:\/\/www.deporteseli.com\/index.php?rest_route=%2Fwp%2Fv2%2Fproduct_tag&post=46300"}],"curies":[{"name":"wp","href":"https:\/\/api.w.org\/{rel}","templated":true}]}}