{"id":46298,"date":"2026-01-27T21:12:16","date_gmt":"2026-01-27T21:12:16","guid":{"rendered":"https:\/\/www.deporteseli.com\/?product=mochila-puma-091153"},"modified":"2026-01-27T21:12:18","modified_gmt":"2026-01-27T21:12:18","slug":"mochila-puma-091153","status":"publish","type":"product","link":"https:\/\/www.deporteseli.com\/?product=mochila-puma-091153","title":{"rendered":"MOCHILA PUMA 091153"},"content":{"rendered":"<p>Descripci\u00f3n  Organiza tu vida con esta vers\u00e1til mochila. Cuenta con m\u00faltiples compartimentos con cremallera, bolsillos laterales de malla y una funda con forro suave para tus objetos esenciales. Hombros acolchados y ajustables&#8230;   Estilo: 091153                                                                                                                                                                                                                                                                                                                                                                                                                                                                                                                                                                                                                                                                                                                                                                                                                                                                                                                                                                                                                                        <\/p>\n","protected":false},"excerpt":{"rendered":"<p>MOCHILA PUMA 091153<\/p>\n","protected":false},"featured_media":58942,"template":"","meta":[],"product_brand":[],"product_cat":[401],"product_tag":[32],"class_list":{"0":"post-46298","1":"product","2":"type-product","3":"status-publish","4":"has-post-thumbnail","6":"product_cat-accesorios_mochilas","7":"product_tag-puma","8":"pa_color-unico","9":"pa_talla-unica","10":"thunk-woo-product-list","11":"opn-qv-enable","12":"open-woo-hover-","13":"open-single-product-tab-horizontal","14":"open-shadow-","15":"open-shadow-hover-","17":"first","18":"instock","19":"shipping-taxable","20":"purchasable","21":"product-type-variable"},"jetpack_sharing_enabled":true,"_links":{"self":[{"href":"https:\/\/www.deporteseli.com\/index.php?rest_route=\/wp\/v2\/product\/46298","targetHints":{"allow":["GET"]}}],"collection":[{"href":"https:\/\/www.deporteseli.com\/index.php?rest_route=\/wp\/v2\/product"}],"about":[{"href":"https:\/\/www.deporteseli.com\/index.php?rest_route=\/wp\/v2\/types\/product"}],"wp:featuredmedia":[{"embeddable":true,"href":"https:\/\/www.deporteseli.com\/index.php?rest_route=\/wp\/v2\/media\/58942"}],"wp:attachment":[{"href":"https:\/\/www.deporteseli.com\/index.php?rest_route=%2Fwp%2Fv2%2Fmedia&parent=46298"}],"wp:term":[{"taxonomy":"product_brand","embeddable":true,"href":"https:\/\/www.deporteseli.com\/index.php?rest_route=%2Fwp%2Fv2%2Fproduct_brand&post=46298"},{"taxonomy":"product_cat","embeddable":true,"href":"https:\/\/www.deporteseli.com\/index.php?rest_route=%2Fwp%2Fv2%2Fproduct_cat&post=46298"},{"taxonomy":"product_tag","embeddable":true,"href":"https:\/\/www.deporteseli.com\/index.php?rest_route=%2Fwp%2Fv2%2Fproduct_tag&post=46298"}],"curies":[{"name":"wp","href":"https:\/\/api.w.org\/{rel}","templated":true}]}}