{"id":46287,"date":"2026-01-27T21:12:01","date_gmt":"2026-01-27T21:12:01","guid":{"rendered":"https:\/\/www.deporteseli.com\/?product=tenis-adidas-tensaur-run-3-0"},"modified":"2026-02-16T07:58:36","modified_gmt":"2026-02-16T07:58:36","slug":"tenis-adidas-tensaur-run-3-0","status":"publish","type":"product","link":"https:\/\/www.deporteseli.com\/?product=tenis-adidas-tensaur-run-3-0","title":{"rendered":"TENIS ADIDAS TENSAUR RUN 3.0"},"content":{"rendered":"<p>Descripci\u00f3n  Esta zapatilla adidas est\u00e1 dise\u00f1ada para seguir a los ni\u00f1os en todas sus aventuras. Creada para ofrecerles una comodidad duradera, cuenta con una entresuela Cloudfoam que amortigua cada uno de sus pasos. Los cordones el\u00e1sticos y el velcro permiten pon\u00e9rsela y quit\u00e1rsela f\u00e1cilmente para que nada los ralentice. Este producto contiene al menos un 20 % de materiales reciclados. Al reutilizar materiales ya creados, contribuimos a reducir los desechos y nuestra dependencia de los recursos limitados, para disminuir la huella ecol\u00f3gica de los productos que fabricamos.                                                                                                                                                                                                                                                                                                                                                                                                                                                                                                                                                                                                                                                                                                                                                                                                                                                                                                                                                                                                                                        <\/p>\n","protected":false},"excerpt":{"rendered":"<p>TENIS ADIDAS TENSAUR RUN 3.0<\/p>\n","protected":false},"featured_media":58938,"template":"","meta":[],"product_brand":[],"product_cat":[308],"product_tag":[18],"class_list":{"0":"post-46287","1":"product","2":"type-product","3":"status-publish","4":"has-post-thumbnail","6":"product_cat-nino_calzado_running","7":"product_tag-adidas","8":"pa_color-unico","9":"pa_talla-125","10":"pa_talla-127","11":"pa_talla-129","12":"pa_talla-131","13":"pa_talla-133","14":"pa_talla-135","15":"thunk-woo-product-list","16":"opn-qv-enable","17":"open-woo-hover-","18":"open-single-product-tab-horizontal","19":"open-shadow-","20":"open-shadow-hover-","22":"first","23":"instock","24":"sale","25":"shipping-taxable","26":"purchasable","27":"product-type-variable"},"jetpack_sharing_enabled":true,"_links":{"self":[{"href":"https:\/\/www.deporteseli.com\/index.php?rest_route=\/wp\/v2\/product\/46287","targetHints":{"allow":["GET"]}}],"collection":[{"href":"https:\/\/www.deporteseli.com\/index.php?rest_route=\/wp\/v2\/product"}],"about":[{"href":"https:\/\/www.deporteseli.com\/index.php?rest_route=\/wp\/v2\/types\/product"}],"wp:featuredmedia":[{"embeddable":true,"href":"https:\/\/www.deporteseli.com\/index.php?rest_route=\/wp\/v2\/media\/58938"}],"wp:attachment":[{"href":"https:\/\/www.deporteseli.com\/index.php?rest_route=%2Fwp%2Fv2%2Fmedia&parent=46287"}],"wp:term":[{"taxonomy":"product_brand","embeddable":true,"href":"https:\/\/www.deporteseli.com\/index.php?rest_route=%2Fwp%2Fv2%2Fproduct_brand&post=46287"},{"taxonomy":"product_cat","embeddable":true,"href":"https:\/\/www.deporteseli.com\/index.php?rest_route=%2Fwp%2Fv2%2Fproduct_cat&post=46287"},{"taxonomy":"product_tag","embeddable":true,"href":"https:\/\/www.deporteseli.com\/index.php?rest_route=%2Fwp%2Fv2%2Fproduct_tag&post=46287"}],"curies":[{"name":"wp","href":"https:\/\/api.w.org\/{rel}","templated":true}]}}