{"id":46278,"date":"2026-01-27T21:11:48","date_gmt":"2026-01-27T21:11:48","guid":{"rendered":"https:\/\/www.deporteseli.com\/?product=botas-adidas-predator-2"},"modified":"2026-02-20T05:18:41","modified_gmt":"2026-02-20T05:18:41","slug":"botas-adidas-predator-2","status":"publish","type":"product","link":"https:\/\/www.deporteseli.com\/?product=botas-adidas-predator-2","title":{"rendered":"BOTAS ADIDAS PREDATOR"},"content":{"rendered":"<p>Descripci\u00f3n  Descubre la diferencia entre aspirar a marcar y saber que lo har\u00e1s con la bota adidas Predator, dise\u00f1ada para marcar goles. Esta bota League para adolescentes presenta un empeine Hybridfeel con textura en relieve e inserciones Strikescale de gran agarre para controlar el bal\u00f3n. La suela Controlplate mantiene la estabilidad en todo tipo de campos.  Caracter\u00edsticas del Producto  Detalles superiores: LA BASE DE MATERIAL TEXTIL RECUBIERTO PROPORCIONA UNA PARTE SUPERIOR DURADERA PARA MAYOR COMODIDAD Y TACTO  Detalles de la leng\u00fceta: LENG\u00dcETA FLOTANTE CON CORDONES PARA CALZARSE F\u00c1CILMENTE Y AJUSTARSE  Strikescale: parte superior texturizada en 3D con Strikefins colocados estrat\u00e9gicamente para sujetar la pelota y lograr giro y colocaci\u00f3n precisa.                                                                                                                                                                                                                                                                                                                                                                                                                                                                                                                                                                                                                                                                                                                                                                                                                                                                                                                                                                                                                                        <\/p>\n","protected":false},"excerpt":{"rendered":"<p>BOTAS ADIDAS PREDATOR<\/p>\n","protected":false},"featured_media":58934,"template":"","meta":[],"product_brand":[],"product_cat":[318],"product_tag":[18],"class_list":{"0":"post-46278","1":"product","2":"type-product","3":"status-publish","4":"has-post-thumbnail","6":"product_cat-deportes_futbol_botas","7":"product_tag-adidas","8":"pa_color-unico","9":"pa_talla-131","10":"pa_talla-133","11":"pa_talla-135","12":"pa_talla-139","13":"pa_talla-141","14":"pa_talla-36-5","15":"pa_talla-145","16":"pa_talla-38-5","17":"thunk-woo-product-list","18":"opn-qv-enable","19":"open-woo-hover-","20":"open-single-product-tab-horizontal","21":"open-shadow-","22":"open-shadow-hover-","24":"first","25":"instock","26":"sale","27":"shipping-taxable","28":"purchasable","29":"product-type-variable"},"jetpack_sharing_enabled":true,"_links":{"self":[{"href":"https:\/\/www.deporteseli.com\/index.php?rest_route=\/wp\/v2\/product\/46278","targetHints":{"allow":["GET"]}}],"collection":[{"href":"https:\/\/www.deporteseli.com\/index.php?rest_route=\/wp\/v2\/product"}],"about":[{"href":"https:\/\/www.deporteseli.com\/index.php?rest_route=\/wp\/v2\/types\/product"}],"wp:featuredmedia":[{"embeddable":true,"href":"https:\/\/www.deporteseli.com\/index.php?rest_route=\/wp\/v2\/media\/58934"}],"wp:attachment":[{"href":"https:\/\/www.deporteseli.com\/index.php?rest_route=%2Fwp%2Fv2%2Fmedia&parent=46278"}],"wp:term":[{"taxonomy":"product_brand","embeddable":true,"href":"https:\/\/www.deporteseli.com\/index.php?rest_route=%2Fwp%2Fv2%2Fproduct_brand&post=46278"},{"taxonomy":"product_cat","embeddable":true,"href":"https:\/\/www.deporteseli.com\/index.php?rest_route=%2Fwp%2Fv2%2Fproduct_cat&post=46278"},{"taxonomy":"product_tag","embeddable":true,"href":"https:\/\/www.deporteseli.com\/index.php?rest_route=%2Fwp%2Fv2%2Fproduct_tag&post=46278"}],"curies":[{"name":"wp","href":"https:\/\/api.w.org\/{rel}","templated":true}]}}