{"id":46267,"date":"2026-01-27T21:11:29","date_gmt":"2026-01-27T21:11:29","guid":{"rendered":"https:\/\/www.deporteseli.com\/?product=botas-adidas-copa-pure"},"modified":"2026-02-16T07:58:29","modified_gmt":"2026-02-16T07:58:29","slug":"botas-adidas-copa-pure","status":"publish","type":"product","link":"https:\/\/www.deporteseli.com\/?product=botas-adidas-copa-pure","title":{"rendered":"BOTAS ADIDAS COPA PURE"},"content":{"rendered":"<p>Descripci\u00f3n  Toques exactos. Pases milim\u00e9tricos. Perfecciona tu juego con la bota Copa Pure 3 y consigue una conexi\u00f3n inquebrantable con el bal\u00f3n. Esta bota adidas Club tiene un suave empeine de material sint\u00e9tico y un estampado en relieve en el antepi\u00e9 para un mejor control. La suela de goma con tacos arrasa en superficies de moqueta, para que juegues al f\u00fatbol con m\u00e1s clase que nunca.  Caracter\u00edsticas del Producto  HECHO EN PARTE CON MATERIALES RECICLADOS: Hecho en parte con materiales reciclados  REGULAR: Dise\u00f1ado para un ajuste est\u00e1ndar, ni demasiado apretado ni demasiado suelto.  SIN CONCEPTO DE TECNOLOG\u00cdA: N\/A  CEMENTO FR\u00cdO: N\/D  Detalles superiores: IMPRESIONES H\u00c1PTICAS 3D PARA UN MAYOR AGARRE DEL BAL\u00d3N  CORD\u00d3N: ajusta el cord\u00f3n para conseguir el ajuste que tu pie necesita  Detalles superiores: Parte superior de cuero sint\u00e9tico para mayor durabilidad y flexibilidad para adaptarse a la forma del pie.  Ventilaci\u00f3n: Perforaciones PARA MAYOR VENTILACI\u00d3N  TURF: Suela de caucho desarrollada para campos de c\u00e9sped (fibra sint\u00e9tica de hoja corta)                                                                                                                                                                                                                                                                                                                                                                                                                                                                                                                                                                                                                                                                                                                                                                                                                                                                                                                                                                                                                                        <\/p>\n","protected":false},"excerpt":{"rendered":"<p>BOTAS ADIDAS COPA PURE<\/p>\n","protected":false},"featured_media":58931,"template":"","meta":[],"product_brand":[],"product_cat":[318],"product_tag":[18],"class_list":{"0":"post-46267","1":"product","2":"type-product","3":"status-publish","4":"has-post-thumbnail","6":"product_cat-deportes_futbol_botas","7":"product_tag-adidas","8":"pa_color-unico","9":"pa_talla-149","10":"pa_talla-40-5","11":"pa_talla-41-5","12":"pa_talla-153","13":"pa_talla-42-5","14":"pa_talla-43-5","15":"pa_talla-157","16":"pa_talla-44-5","17":"pa_talla-161","18":"pa_talla-46-5","19":"thunk-woo-product-list","20":"opn-qv-enable","21":"open-woo-hover-","22":"open-single-product-tab-horizontal","23":"open-shadow-","24":"open-shadow-hover-","26":"first","27":"instock","28":"sale","29":"shipping-taxable","30":"purchasable","31":"product-type-variable"},"jetpack_sharing_enabled":true,"_links":{"self":[{"href":"https:\/\/www.deporteseli.com\/index.php?rest_route=\/wp\/v2\/product\/46267","targetHints":{"allow":["GET"]}}],"collection":[{"href":"https:\/\/www.deporteseli.com\/index.php?rest_route=\/wp\/v2\/product"}],"about":[{"href":"https:\/\/www.deporteseli.com\/index.php?rest_route=\/wp\/v2\/types\/product"}],"wp:featuredmedia":[{"embeddable":true,"href":"https:\/\/www.deporteseli.com\/index.php?rest_route=\/wp\/v2\/media\/58931"}],"wp:attachment":[{"href":"https:\/\/www.deporteseli.com\/index.php?rest_route=%2Fwp%2Fv2%2Fmedia&parent=46267"}],"wp:term":[{"taxonomy":"product_brand","embeddable":true,"href":"https:\/\/www.deporteseli.com\/index.php?rest_route=%2Fwp%2Fv2%2Fproduct_brand&post=46267"},{"taxonomy":"product_cat","embeddable":true,"href":"https:\/\/www.deporteseli.com\/index.php?rest_route=%2Fwp%2Fv2%2Fproduct_cat&post=46267"},{"taxonomy":"product_tag","embeddable":true,"href":"https:\/\/www.deporteseli.com\/index.php?rest_route=%2Fwp%2Fv2%2Fproduct_tag&post=46267"}],"curies":[{"name":"wp","href":"https:\/\/api.w.org\/{rel}","templated":true}]}}