{"id":46254,"date":"2026-01-27T21:11:04","date_gmt":"2026-01-27T21:11:04","guid":{"rendered":"https:\/\/www.deporteseli.com\/?product=botas-adidas-f50-sala"},"modified":"2026-01-27T21:11:09","modified_gmt":"2026-01-27T21:11:09","slug":"botas-adidas-f50-sala","status":"publish","type":"product","link":"https:\/\/www.deporteseli.com\/?product=botas-adidas-f50-sala","title":{"rendered":"BOTAS ADIDAS F50 SALA"},"content":{"rendered":"<p>Botas c\u00f3modas para que siempre vayas un paso por delante en la pista cubierta.  Deja que tu velocidad hable por ti en la pista cubierta. Siente la adrenalina con las botas adidas F50, con dise\u00f1o imparable. Estas zapatillas de f\u00fatbol Club para adolescentes tienen un empeine sint\u00e9tico ligero y leng\u00fceta perforada que te ofrecen una comodidad extraordinaria. Si les das la vuelta encontrar\u00e1s una suela de goma de gran agarre, para que juegues a toda velocidad en pistas cubiertas llanas.  Horma cl\u00e1sica  Cordones  Empeine sint\u00e9tico  Forro textil  Non-marking rubber outsole para pista cubierta  Color del art\u00edculo: Purple Rush \/ Cloud White \/ Lucid Lemon  N\u00famero de art\u00edculo: JI0042                                                                                                                                                                                                                                                                                                                                                                                                                                                                                                                                                                                                                                                                                                                                                                                                                                                                                                                                                                                                                                        <\/p>\n","protected":false},"excerpt":{"rendered":"<p>BOTAS ADIDAS F50 SALA<\/p>\n","protected":false},"featured_media":58922,"template":"","meta":[],"product_brand":[],"product_cat":[323],"product_tag":[18],"class_list":{"0":"post-46254","1":"product","2":"type-product","3":"status-publish","4":"has-post-thumbnail","6":"product_cat-deportes_futbol_botas_sala","7":"product_tag-adidas","8":"pa_color-unico","9":"pa_talla-129","10":"pa_talla-131","11":"pa_talla-145","12":"thunk-woo-product-list","13":"opn-qv-enable","14":"open-woo-hover-","15":"open-single-product-tab-horizontal","16":"open-shadow-","17":"open-shadow-hover-","19":"first","20":"instock","21":"sale","22":"shipping-taxable","23":"purchasable","24":"product-type-variable"},"jetpack_sharing_enabled":true,"_links":{"self":[{"href":"https:\/\/www.deporteseli.com\/index.php?rest_route=\/wp\/v2\/product\/46254","targetHints":{"allow":["GET"]}}],"collection":[{"href":"https:\/\/www.deporteseli.com\/index.php?rest_route=\/wp\/v2\/product"}],"about":[{"href":"https:\/\/www.deporteseli.com\/index.php?rest_route=\/wp\/v2\/types\/product"}],"wp:featuredmedia":[{"embeddable":true,"href":"https:\/\/www.deporteseli.com\/index.php?rest_route=\/wp\/v2\/media\/58922"}],"wp:attachment":[{"href":"https:\/\/www.deporteseli.com\/index.php?rest_route=%2Fwp%2Fv2%2Fmedia&parent=46254"}],"wp:term":[{"taxonomy":"product_brand","embeddable":true,"href":"https:\/\/www.deporteseli.com\/index.php?rest_route=%2Fwp%2Fv2%2Fproduct_brand&post=46254"},{"taxonomy":"product_cat","embeddable":true,"href":"https:\/\/www.deporteseli.com\/index.php?rest_route=%2Fwp%2Fv2%2Fproduct_cat&post=46254"},{"taxonomy":"product_tag","embeddable":true,"href":"https:\/\/www.deporteseli.com\/index.php?rest_route=%2Fwp%2Fv2%2Fproduct_tag&post=46254"}],"curies":[{"name":"wp","href":"https:\/\/api.w.org\/{rel}","templated":true}]}}