{"id":46246,"date":"2026-01-27T21:10:52","date_gmt":"2026-01-27T21:10:52","guid":{"rendered":"https:\/\/www.deporteseli.com\/?product=tenis-rase-jr-2503-luces"},"modified":"2026-03-19T05:19:07","modified_gmt":"2026-03-19T05:19:07","slug":"tenis-rase-jr-2503-luces","status":"publish","type":"product","link":"https:\/\/www.deporteseli.com\/?product=tenis-rase-jr-2503-luces","title":{"rendered":"TENIS RASE JR 2503 LUCES"},"content":{"rendered":"<p>Descripci\u00f3n  Las zapatillas Joma Rase Jr 2504 Royal son ideales para ni\u00f1os que buscan comodidad y estilo en su calzado diario.  Con un dise\u00f1o cl\u00e1sico y un ajuste regular, estas zapatillas cuentan con un cierre de cordones y velcro que facilitan su uso.  La suela de goma proporciona un excelente agarre y durabilidad, mientras que el material resistente asegura que resistir\u00e1n el desgaste diario.  Adem\u00e1s, el tal\u00f3n reforzado brinda un soporte adicional, lo que las convierte en una opci\u00f3n perfecta para actividades deportivas y juegos.  El logo de la marca a\u00f1ade un toque distintivo, y el atractivo color royal har\u00e1 que los peque\u00f1os luzcan geniales en cualquier ocasi\u00f3n.  Encuentra las zapatillas Joma Rase Jr 2504 Royal y garantiza la comodidad y el estilo para tus hijos.    Caracter\u00edsticas  Ajuste regular  Dise\u00f1o cl\u00e1sico  Cierre de cordones\/Velcro  Suela de goma  Material resistente  Tal\u00f3n reforzado  Comodidad y estilo  Logo de la marca                                                                                                                                                                                                                                                                                                                                                                                                                                                                                                                                                                                                                                                                                                                                                                                                                                                                                                                                                                                                                                        <\/p>\n","protected":false},"excerpt":{"rendered":"<p>TENIS RASE JR 2503 LUCES<\/p>\n","protected":false},"featured_media":58916,"template":"","meta":[],"product_brand":[],"product_cat":[308],"product_tag":[31],"class_list":{"0":"post-46246","1":"product","2":"type-product","3":"status-publish","4":"has-post-thumbnail","6":"product_cat-nino_calzado_running","7":"product_tag-joma","8":"pa_color-unico","9":"pa_talla-127","10":"pa_talla-129","11":"pa_talla-131","12":"thunk-woo-product-list","13":"opn-qv-enable","14":"open-woo-hover-","15":"open-single-product-tab-horizontal","16":"open-shadow-","17":"open-shadow-hover-","19":"first","20":"instock","21":"sale","22":"shipping-taxable","23":"purchasable","24":"product-type-variable"},"jetpack_sharing_enabled":true,"_links":{"self":[{"href":"https:\/\/www.deporteseli.com\/index.php?rest_route=\/wp\/v2\/product\/46246","targetHints":{"allow":["GET"]}}],"collection":[{"href":"https:\/\/www.deporteseli.com\/index.php?rest_route=\/wp\/v2\/product"}],"about":[{"href":"https:\/\/www.deporteseli.com\/index.php?rest_route=\/wp\/v2\/types\/product"}],"wp:featuredmedia":[{"embeddable":true,"href":"https:\/\/www.deporteseli.com\/index.php?rest_route=\/wp\/v2\/media\/58916"}],"wp:attachment":[{"href":"https:\/\/www.deporteseli.com\/index.php?rest_route=%2Fwp%2Fv2%2Fmedia&parent=46246"}],"wp:term":[{"taxonomy":"product_brand","embeddable":true,"href":"https:\/\/www.deporteseli.com\/index.php?rest_route=%2Fwp%2Fv2%2Fproduct_brand&post=46246"},{"taxonomy":"product_cat","embeddable":true,"href":"https:\/\/www.deporteseli.com\/index.php?rest_route=%2Fwp%2Fv2%2Fproduct_cat&post=46246"},{"taxonomy":"product_tag","embeddable":true,"href":"https:\/\/www.deporteseli.com\/index.php?rest_route=%2Fwp%2Fv2%2Fproduct_tag&post=46246"}],"curies":[{"name":"wp","href":"https:\/\/api.w.org\/{rel}","templated":true}]}}