{"id":46238,"date":"2026-01-27T21:10:40","date_gmt":"2026-01-27T21:10:40","guid":{"rendered":"https:\/\/www.deporteseli.com\/?product=tenis-adidas-runfalcon-5"},"modified":"2026-03-04T05:18:22","modified_gmt":"2026-03-04T05:18:22","slug":"tenis-adidas-runfalcon-5","status":"publish","type":"product","link":"https:\/\/www.deporteseli.com\/?product=tenis-adidas-runfalcon-5","title":{"rendered":"TENIS ADIDAS RUNFALCON 5"},"content":{"rendered":"<p>Descripci\u00f3n  Con esta zapatilla adidas, tendr\u00e1s a tu peque corriendo y explorando de un lado para otro en un abrir y cerrar de ojos. Presenta un c\u00f3modo cierre autoadherente para calz\u00e1rselas en un santiam\u00e9n. La mediasuela Cloudfoam combinada con EVA le ofrece una excelente amortiguaci\u00f3n y comodidad para dar sus primeros pasos.  Este producto contiene al menos un 20% de materiales reciclados. Utilizando materiales reciclados, reducimos los residuos, nuestra dependencia de los recursos finitos y la huella que generan los productos que fabricamos.                                                                                                                                                                                                                                                                                                                                                                                                                                                                                                                                                                                                                                                                                                                                                                                                                                                                                                                                                                                                                                        <\/p>\n","protected":false},"excerpt":{"rendered":"<p>TENIS ADIDAS RUNFALCON 5<\/p>\n","protected":false},"featured_media":58911,"template":"","meta":[],"product_brand":[],"product_cat":[308],"product_tag":[18],"class_list":{"0":"post-46238","1":"product","2":"type-product","3":"status-publish","4":"has-post-thumbnail","6":"product_cat-nino_calzado_running","7":"product_tag-adidas","8":"pa_color-unico","9":"pa_talla-113","10":"pa_talla-115","11":"pa_talla-117","12":"pa_talla-119","13":"pa_talla-121","14":"pa_talla-123","15":"pa_talla-t-21","16":"thunk-woo-product-list","17":"opn-qv-enable","18":"open-woo-hover-","19":"open-single-product-tab-horizontal","20":"open-shadow-","21":"open-shadow-hover-","23":"first","24":"instock","25":"sale","26":"shipping-taxable","27":"purchasable","28":"product-type-variable"},"jetpack_sharing_enabled":true,"_links":{"self":[{"href":"https:\/\/www.deporteseli.com\/index.php?rest_route=\/wp\/v2\/product\/46238","targetHints":{"allow":["GET"]}}],"collection":[{"href":"https:\/\/www.deporteseli.com\/index.php?rest_route=\/wp\/v2\/product"}],"about":[{"href":"https:\/\/www.deporteseli.com\/index.php?rest_route=\/wp\/v2\/types\/product"}],"wp:featuredmedia":[{"embeddable":true,"href":"https:\/\/www.deporteseli.com\/index.php?rest_route=\/wp\/v2\/media\/58911"}],"wp:attachment":[{"href":"https:\/\/www.deporteseli.com\/index.php?rest_route=%2Fwp%2Fv2%2Fmedia&parent=46238"}],"wp:term":[{"taxonomy":"product_brand","embeddable":true,"href":"https:\/\/www.deporteseli.com\/index.php?rest_route=%2Fwp%2Fv2%2Fproduct_brand&post=46238"},{"taxonomy":"product_cat","embeddable":true,"href":"https:\/\/www.deporteseli.com\/index.php?rest_route=%2Fwp%2Fv2%2Fproduct_cat&post=46238"},{"taxonomy":"product_tag","embeddable":true,"href":"https:\/\/www.deporteseli.com\/index.php?rest_route=%2Fwp%2Fv2%2Fproduct_tag&post=46238"}],"curies":[{"name":"wp","href":"https:\/\/api.w.org\/{rel}","templated":true}]}}