{"id":46230,"date":"2026-01-27T21:10:25","date_gmt":"2026-01-27T21:10:25","guid":{"rendered":"https:\/\/www.deporteseli.com\/?product=botas-adidas-predator-club-tf-2"},"modified":"2026-02-16T07:58:26","modified_gmt":"2026-02-16T07:58:26","slug":"botas-adidas-predator-club-tf-2","status":"publish","type":"product","link":"https:\/\/www.deporteseli.com\/?product=botas-adidas-predator-club-tf-2","title":{"rendered":"BOTAS ADIDAS PREDATOR CLUB TF"},"content":{"rendered":"<p>Descripci\u00f3n  Descubre la diferencia entre aspirar a marcar y saber que lo har\u00e1s con las botas adidas Predator, dise\u00f1ada para marcar goles. Estas botas de f\u00fatbol cuentan con un empeine de material sint\u00e9tico revestido con textura Strikeprint de gran agarre, para un control del bal\u00f3n insuperable. La suela de goma con tacos est\u00e1 dise\u00f1ada para que siempre encuentres la mejor posici\u00f3n en los campos de moqueta artificial.                                                                                                                                                                                                                                                                                                                                                                                                                                                                                                                                                                                                                                                                                                                                                                                                                                                                                                                                                                                                                                        <\/p>\n","protected":false},"excerpt":{"rendered":"<p>BOTAS ADIDAS PREDATOR CLUB TF<\/p>\n","protected":false},"featured_media":58907,"template":"","meta":[],"product_brand":[],"product_cat":[318],"product_tag":[18],"class_list":{"0":"post-46230","1":"product","2":"type-product","3":"status-publish","4":"has-post-thumbnail","6":"product_cat-deportes_futbol_botas","7":"product_tag-adidas","8":"pa_color-unico","9":"pa_talla-149","10":"pa_talla-153","11":"pa_talla-42-5","12":"pa_talla-157","13":"pa_talla-161","14":"pa_talla-46-5","15":"pa_talla-163","16":"thunk-woo-product-list","17":"opn-qv-enable","18":"open-woo-hover-","19":"open-single-product-tab-horizontal","20":"open-shadow-","21":"open-shadow-hover-","23":"first","24":"instock","25":"sale","26":"shipping-taxable","27":"purchasable","28":"product-type-variable"},"jetpack_sharing_enabled":true,"_links":{"self":[{"href":"https:\/\/www.deporteseli.com\/index.php?rest_route=\/wp\/v2\/product\/46230","targetHints":{"allow":["GET"]}}],"collection":[{"href":"https:\/\/www.deporteseli.com\/index.php?rest_route=\/wp\/v2\/product"}],"about":[{"href":"https:\/\/www.deporteseli.com\/index.php?rest_route=\/wp\/v2\/types\/product"}],"wp:featuredmedia":[{"embeddable":true,"href":"https:\/\/www.deporteseli.com\/index.php?rest_route=\/wp\/v2\/media\/58907"}],"wp:attachment":[{"href":"https:\/\/www.deporteseli.com\/index.php?rest_route=%2Fwp%2Fv2%2Fmedia&parent=46230"}],"wp:term":[{"taxonomy":"product_brand","embeddable":true,"href":"https:\/\/www.deporteseli.com\/index.php?rest_route=%2Fwp%2Fv2%2Fproduct_brand&post=46230"},{"taxonomy":"product_cat","embeddable":true,"href":"https:\/\/www.deporteseli.com\/index.php?rest_route=%2Fwp%2Fv2%2Fproduct_cat&post=46230"},{"taxonomy":"product_tag","embeddable":true,"href":"https:\/\/www.deporteseli.com\/index.php?rest_route=%2Fwp%2Fv2%2Fproduct_tag&post=46230"}],"curies":[{"name":"wp","href":"https:\/\/api.w.org\/{rel}","templated":true}]}}