{"id":46221,"date":"2026-01-27T21:10:06","date_gmt":"2026-01-27T21:10:06","guid":{"rendered":"https:\/\/www.deporteseli.com\/?product=tenis-adidas-breakbase"},"modified":"2026-04-14T04:18:14","modified_gmt":"2026-04-14T04:18:14","slug":"tenis-adidas-breakbase","status":"publish","type":"product","link":"https:\/\/www.deporteseli.com\/?product=tenis-adidas-breakbase","title":{"rendered":"TENIS ADIDAS BREAKBASE"},"content":{"rendered":"<p>Descripci\u00f3n  Tanto si van a clase como si salen a jugar, a los ni\u00f1os les encantar\u00e1 atarse estas elegantes zapatillas. Las zapatillas adidas Breakbase combinan un suave empeine de material sint\u00e9tico con una resistente suela de goma dise\u00f1ada para todo tipo de aventuras. Una correa autoadherente facilita su sujeci\u00f3n una vez que los ni\u00f1os se las ponen, para que nunca haya retrasos a la hora de divertirse.                                                                                                                                                                                                                                                                                                                                                                                                                                                                                                                                                                                                                                                                                                                                                                                                                                                                                                                                                                                                                                        <\/p>\n","protected":false},"excerpt":{"rendered":"<p>TENIS ADIDAS BREAKBASE<\/p>\n","protected":false},"featured_media":58900,"template":"","meta":[],"product_brand":[],"product_cat":[310],"product_tag":[18],"class_list":{"0":"post-46221","1":"product","2":"type-product","3":"status-publish","4":"has-post-thumbnail","6":"product_cat-nino_calzado_casual","7":"product_tag-adidas","8":"pa_color-unico","9":"pa_talla-125","10":"pa_talla-127","11":"pa_talla-131","12":"pa_talla-135","13":"pa_talla-139","14":"thunk-woo-product-list","15":"opn-qv-enable","16":"open-woo-hover-","17":"open-single-product-tab-horizontal","18":"open-shadow-","19":"open-shadow-hover-","21":"first","22":"instock","23":"sale","24":"shipping-taxable","25":"purchasable","26":"product-type-variable"},"jetpack_sharing_enabled":true,"_links":{"self":[{"href":"https:\/\/www.deporteseli.com\/index.php?rest_route=\/wp\/v2\/product\/46221","targetHints":{"allow":["GET"]}}],"collection":[{"href":"https:\/\/www.deporteseli.com\/index.php?rest_route=\/wp\/v2\/product"}],"about":[{"href":"https:\/\/www.deporteseli.com\/index.php?rest_route=\/wp\/v2\/types\/product"}],"wp:featuredmedia":[{"embeddable":true,"href":"https:\/\/www.deporteseli.com\/index.php?rest_route=\/wp\/v2\/media\/58900"}],"wp:attachment":[{"href":"https:\/\/www.deporteseli.com\/index.php?rest_route=%2Fwp%2Fv2%2Fmedia&parent=46221"}],"wp:term":[{"taxonomy":"product_brand","embeddable":true,"href":"https:\/\/www.deporteseli.com\/index.php?rest_route=%2Fwp%2Fv2%2Fproduct_brand&post=46221"},{"taxonomy":"product_cat","embeddable":true,"href":"https:\/\/www.deporteseli.com\/index.php?rest_route=%2Fwp%2Fv2%2Fproduct_cat&post=46221"},{"taxonomy":"product_tag","embeddable":true,"href":"https:\/\/www.deporteseli.com\/index.php?rest_route=%2Fwp%2Fv2%2Fproduct_tag&post=46221"}],"curies":[{"name":"wp","href":"https:\/\/api.w.org\/{rel}","templated":true}]}}