{"id":46219,"date":"2026-01-27T21:10:03","date_gmt":"2026-01-27T21:10:03","guid":{"rendered":"https:\/\/www.deporteseli.com\/?product=botella-adidas-ka0727"},"modified":"2026-04-18T04:19:07","modified_gmt":"2026-04-18T04:19:07","slug":"botella-adidas-ka0727","status":"publish","type":"product","link":"https:\/\/www.deporteseli.com\/?product=botella-adidas-ka0727","title":{"rendered":"BOTELLA ADIDAS KA0727"},"content":{"rendered":"<p>Descripci\u00f3n  Una buena hidrataci\u00f3n es fundamental para que tu mejor f\u00fatbol fluya en el campo. Este bid\u00f3n de agua adidas Tiro te ayuda a ello proporcion\u00e1ndote 750 ml de l\u00edquido refrescante para cuando m\u00e1s lo necesites. Aprovecha las pausas durante los entrenamientos para saciar tu sed y recobrar fuerzas antes de reanudar la sesi\u00f3n. Presenta un dise\u00f1o ergon\u00f3mico con la boquilla retr\u00e1ctil que te permite agarrarlo, beber y seguir jugando sin perder ni un instante. Fabricado en polietileno sin bisfenol A y con el logotipo de adidas y las 3 bandas destacando en su superficie, este imprescindible no puede faltar en tu alineaci\u00f3n.                                                                                                                                                                                                                                                                                                                                                                                                                                                                                                                                                                                                                                                                                                                                                                                                                                                                                                                                                                                                                                        <\/p>\n","protected":false},"excerpt":{"rendered":"<p>BOTELLA ADIDAS KA0727<\/p>\n","protected":false},"featured_media":58897,"template":"","meta":[],"product_brand":[],"product_cat":[409],"product_tag":[18],"class_list":{"0":"post-46219","1":"product","2":"type-product","3":"status-publish","4":"has-post-thumbnail","6":"product_cat-accesorios_botellas","7":"product_tag-adidas","8":"pa_color-unico","9":"pa_talla-unica","10":"thunk-woo-product-list","11":"opn-qv-enable","12":"open-woo-hover-","13":"open-single-product-tab-horizontal","14":"open-shadow-","15":"open-shadow-hover-","17":"first","18":"instock","19":"shipping-taxable","20":"purchasable","21":"product-type-variable"},"jetpack_sharing_enabled":true,"_links":{"self":[{"href":"https:\/\/www.deporteseli.com\/index.php?rest_route=\/wp\/v2\/product\/46219","targetHints":{"allow":["GET"]}}],"collection":[{"href":"https:\/\/www.deporteseli.com\/index.php?rest_route=\/wp\/v2\/product"}],"about":[{"href":"https:\/\/www.deporteseli.com\/index.php?rest_route=\/wp\/v2\/types\/product"}],"wp:featuredmedia":[{"embeddable":true,"href":"https:\/\/www.deporteseli.com\/index.php?rest_route=\/wp\/v2\/media\/58897"}],"wp:attachment":[{"href":"https:\/\/www.deporteseli.com\/index.php?rest_route=%2Fwp%2Fv2%2Fmedia&parent=46219"}],"wp:term":[{"taxonomy":"product_brand","embeddable":true,"href":"https:\/\/www.deporteseli.com\/index.php?rest_route=%2Fwp%2Fv2%2Fproduct_brand&post=46219"},{"taxonomy":"product_cat","embeddable":true,"href":"https:\/\/www.deporteseli.com\/index.php?rest_route=%2Fwp%2Fv2%2Fproduct_cat&post=46219"},{"taxonomy":"product_tag","embeddable":true,"href":"https:\/\/www.deporteseli.com\/index.php?rest_route=%2Fwp%2Fv2%2Fproduct_tag&post=46219"}],"curies":[{"name":"wp","href":"https:\/\/api.w.org\/{rel}","templated":true}]}}