{"id":46200,"date":"2026-01-27T21:09:37","date_gmt":"2026-01-27T21:09:37","guid":{"rendered":"https:\/\/www.deporteseli.com\/?product=tenis-adidas-rapid-court"},"modified":"2026-03-28T05:20:21","modified_gmt":"2026-03-28T05:20:21","slug":"tenis-adidas-rapid-court","status":"publish","type":"product","link":"https:\/\/www.deporteseli.com\/?product=tenis-adidas-rapid-court","title":{"rendered":"TENIS ADIDAS RAPID COURT"},"content":{"rendered":"<p>Descripci\u00f3n  Nunca es demasiado pronto para empezar una colecci\u00f3n de zapatillas. Esta de adidas es perfecta para que tu peque comience la suya con un estilo impecable. Con un empeine de piel sint\u00e9tica y refuerzos de ante, esta silueta de ca\u00f1a baja luce un dise\u00f1o cl\u00e1sico inspirado en las canchas de baloncesto. Las correas autoadherentes le permiten calzarse f\u00e1cilmente para que no tarde ni un segundo de m\u00e1s en salir a presumir de zapatillas.  Este producto contiene al menos un 20% de materiales reciclados. Utilizando materiales reciclados, reducimos los residuos, nuestra dependencia de los recursos finitos y la huella que generan los productos que fabricamos.                                                                                                                                                                                                                                                                                                                                                                                                                                                                                                                                                                                                                                                                                                                                                                                                                                                                                                                                                                                                                                        <\/p>\n","protected":false},"excerpt":{"rendered":"<p>TENIS ADIDAS RAPID COURT<\/p>\n","protected":false},"featured_media":58885,"template":"","meta":[],"product_brand":[],"product_cat":[310],"product_tag":[18],"class_list":{"0":"post-46200","1":"product","2":"type-product","3":"status-publish","4":"has-post-thumbnail","6":"product_cat-nino_calzado_casual","7":"product_tag-adidas","8":"pa_color-unico","9":"pa_talla-125","10":"pa_talla-127","11":"pa_talla-129","12":"pa_talla-131","13":"pa_talla-133","14":"pa_talla-135","15":"pa_talla-137","16":"pa_talla-139","17":"thunk-woo-product-list","18":"opn-qv-enable","19":"open-woo-hover-","20":"open-single-product-tab-horizontal","21":"open-shadow-","22":"open-shadow-hover-","24":"first","25":"instock","26":"shipping-taxable","27":"purchasable","28":"product-type-variable"},"jetpack_sharing_enabled":true,"_links":{"self":[{"href":"https:\/\/www.deporteseli.com\/index.php?rest_route=\/wp\/v2\/product\/46200","targetHints":{"allow":["GET"]}}],"collection":[{"href":"https:\/\/www.deporteseli.com\/index.php?rest_route=\/wp\/v2\/product"}],"about":[{"href":"https:\/\/www.deporteseli.com\/index.php?rest_route=\/wp\/v2\/types\/product"}],"wp:featuredmedia":[{"embeddable":true,"href":"https:\/\/www.deporteseli.com\/index.php?rest_route=\/wp\/v2\/media\/58885"}],"wp:attachment":[{"href":"https:\/\/www.deporteseli.com\/index.php?rest_route=%2Fwp%2Fv2%2Fmedia&parent=46200"}],"wp:term":[{"taxonomy":"product_brand","embeddable":true,"href":"https:\/\/www.deporteseli.com\/index.php?rest_route=%2Fwp%2Fv2%2Fproduct_brand&post=46200"},{"taxonomy":"product_cat","embeddable":true,"href":"https:\/\/www.deporteseli.com\/index.php?rest_route=%2Fwp%2Fv2%2Fproduct_cat&post=46200"},{"taxonomy":"product_tag","embeddable":true,"href":"https:\/\/www.deporteseli.com\/index.php?rest_route=%2Fwp%2Fv2%2Fproduct_tag&post=46200"}],"curies":[{"name":"wp","href":"https:\/\/api.w.org\/{rel}","templated":true}]}}