{"id":46189,"date":"2026-01-27T21:09:23","date_gmt":"2026-01-27T21:09:23","guid":{"rendered":"https:\/\/www.deporteseli.com\/?product=adidas-predator-league-mg-2"},"modified":"2026-01-27T21:09:36","modified_gmt":"2026-01-27T21:09:36","slug":"adidas-predator-league-mg-2","status":"publish","type":"product","link":"https:\/\/www.deporteseli.com\/?product=adidas-predator-league-mg-2","title":{"rendered":"ADIDAS PREDATOR LEAGUE MG"},"content":{"rendered":"<p>Descripci\u00f3n  Descubre la diferencia entre aspirar a marcar y saber que lo har\u00e1s con la bota adidas Predator, dise\u00f1ada para marcar goles. Esta bota League de f\u00fatbol para adolescentes presenta un empeine Hybridfeel con textura en relieve e inserciones Strikescale de gran agarre para controlar el bal\u00f3n. La suela Controlplate mantiene la estabilidad en todo tipo de campos.                                                                                                                                                                                                                                                                                                                                                                                                                                                                                                                                                                                                                                                                                                                                                                                                                                                                                                                                                                                                                                        <\/p>\n","protected":false},"excerpt":{"rendered":"<p>ADIDAS PREDATOR LEAGUE MG<\/p>\n","protected":false},"featured_media":58882,"template":"","meta":[],"product_brand":[],"product_cat":[318],"product_tag":[18],"class_list":{"0":"post-46189","1":"product","2":"type-product","3":"status-publish","4":"has-post-thumbnail","6":"product_cat-deportes_futbol_botas","7":"product_tag-adidas","8":"pa_color-unico","9":"pa_talla-131","10":"pa_talla-133","11":"pa_talla-135","12":"pa_talla-137","13":"pa_talla-139","14":"pa_talla-35-5","15":"pa_talla-141","16":"pa_talla-37-5","17":"pa_talla-145","18":"pa_talla-38-5","19":"thunk-woo-product-list","20":"opn-qv-enable","21":"open-woo-hover-","22":"open-single-product-tab-horizontal","23":"open-shadow-","24":"open-shadow-hover-","26":"first","27":"instock","28":"sale","29":"shipping-taxable","30":"purchasable","31":"product-type-variable"},"jetpack_sharing_enabled":true,"_links":{"self":[{"href":"https:\/\/www.deporteseli.com\/index.php?rest_route=\/wp\/v2\/product\/46189","targetHints":{"allow":["GET"]}}],"collection":[{"href":"https:\/\/www.deporteseli.com\/index.php?rest_route=\/wp\/v2\/product"}],"about":[{"href":"https:\/\/www.deporteseli.com\/index.php?rest_route=\/wp\/v2\/types\/product"}],"wp:featuredmedia":[{"embeddable":true,"href":"https:\/\/www.deporteseli.com\/index.php?rest_route=\/wp\/v2\/media\/58882"}],"wp:attachment":[{"href":"https:\/\/www.deporteseli.com\/index.php?rest_route=%2Fwp%2Fv2%2Fmedia&parent=46189"}],"wp:term":[{"taxonomy":"product_brand","embeddable":true,"href":"https:\/\/www.deporteseli.com\/index.php?rest_route=%2Fwp%2Fv2%2Fproduct_brand&post=46189"},{"taxonomy":"product_cat","embeddable":true,"href":"https:\/\/www.deporteseli.com\/index.php?rest_route=%2Fwp%2Fv2%2Fproduct_cat&post=46189"},{"taxonomy":"product_tag","embeddable":true,"href":"https:\/\/www.deporteseli.com\/index.php?rest_route=%2Fwp%2Fv2%2Fproduct_tag&post=46189"}],"curies":[{"name":"wp","href":"https:\/\/api.w.org\/{rel}","templated":true}]}}