{"id":46180,"date":"2026-01-27T21:09:11","date_gmt":"2026-01-27T21:09:11","guid":{"rendered":"https:\/\/www.deporteseli.com\/?product=adidas-predator-league-mg"},"modified":"2026-02-20T05:18:36","modified_gmt":"2026-02-20T05:18:36","slug":"adidas-predator-league-mg","status":"publish","type":"product","link":"https:\/\/www.deporteseli.com\/?product=adidas-predator-league-mg","title":{"rendered":"ADIDAS PREDATOR LEAGUE MG"},"content":{"rendered":"<p>Descripci\u00f3n  Descubre la diferencia entre aspirar a marcar y saber que lo har\u00e1s con las botas adidas Predator, dise\u00f1ada para marcar goles. Esta bota League presenta un empeine Hybridfeel con textura en relieve y inserciones Strikescale de gran agarre que proporcionan un control excepcional del bal\u00f3n de f\u00fatbol en cada pase. La suela Controlplate mantiene la estabilidad en todo tipo de campos.                                                                                                                                                                                                                                                                                                                                                                                                                                                                                                                                                                                                                                                                                                                                                                                                                                                                                                                                                                                                                                        <\/p>\n","protected":false},"excerpt":{"rendered":"<p>ADIDAS PREDATOR LEAGUE MG<\/p>\n","protected":false},"featured_media":58879,"template":"","meta":[],"product_brand":[],"product_cat":[318],"product_tag":[18],"class_list":{"0":"post-46180","1":"product","2":"type-product","3":"status-publish","4":"has-post-thumbnail","6":"product_cat-deportes_futbol_botas","7":"product_tag-adidas","8":"pa_color-unico","9":"pa_talla-40-5","10":"pa_talla-153","11":"pa_talla-42-5","12":"pa_talla-43-5","13":"pa_talla-44-5","14":"pa_talla-45-5","15":"pa_talla-161","16":"pa_talla-163","17":"thunk-woo-product-list","18":"opn-qv-enable","19":"open-woo-hover-","20":"open-single-product-tab-horizontal","21":"open-shadow-","22":"open-shadow-hover-","24":"first","25":"instock","26":"sale","27":"shipping-taxable","28":"purchasable","29":"product-type-variable"},"jetpack_sharing_enabled":true,"_links":{"self":[{"href":"https:\/\/www.deporteseli.com\/index.php?rest_route=\/wp\/v2\/product\/46180","targetHints":{"allow":["GET"]}}],"collection":[{"href":"https:\/\/www.deporteseli.com\/index.php?rest_route=\/wp\/v2\/product"}],"about":[{"href":"https:\/\/www.deporteseli.com\/index.php?rest_route=\/wp\/v2\/types\/product"}],"wp:featuredmedia":[{"embeddable":true,"href":"https:\/\/www.deporteseli.com\/index.php?rest_route=\/wp\/v2\/media\/58879"}],"wp:attachment":[{"href":"https:\/\/www.deporteseli.com\/index.php?rest_route=%2Fwp%2Fv2%2Fmedia&parent=46180"}],"wp:term":[{"taxonomy":"product_brand","embeddable":true,"href":"https:\/\/www.deporteseli.com\/index.php?rest_route=%2Fwp%2Fv2%2Fproduct_brand&post=46180"},{"taxonomy":"product_cat","embeddable":true,"href":"https:\/\/www.deporteseli.com\/index.php?rest_route=%2Fwp%2Fv2%2Fproduct_cat&post=46180"},{"taxonomy":"product_tag","embeddable":true,"href":"https:\/\/www.deporteseli.com\/index.php?rest_route=%2Fwp%2Fv2%2Fproduct_tag&post=46180"}],"curies":[{"name":"wp","href":"https:\/\/api.w.org\/{rel}","templated":true}]}}