{"id":46167,"date":"2026-01-27T21:08:54","date_gmt":"2026-01-27T21:08:54","guid":{"rendered":"https:\/\/www.deporteseli.com\/?product=bolas-head-tour-xt-bote-de-3"},"modified":"2026-02-16T07:58:18","modified_gmt":"2026-02-16T07:58:18","slug":"bolas-head-tour-xt-bote-de-3","status":"publish","type":"product","link":"https:\/\/www.deporteseli.com\/?product=bolas-head-tour-xt-bote-de-3","title":{"rendered":"BOLAS HEAD TOUR XT BOTE DE 3"},"content":{"rendered":"<p>Probada con varios jugadores de \u00e9lite, la pelota HEAD TOUR se someti\u00f3 a rigurosas pruebas para garantizar la combinaci\u00f3n perfecta de efecto y control. Gracias a la tecnolog\u00eda Encore\u2122, la pelota de tenis insignia de HEAD es muy duradera, mientras que la tecnolog\u00eda SmartOptik garantiza una mejor visibilidad en todo momento y en cualquier superficie. Esta es la pelota definitiva para las pistas m\u00e1s grandes del mundo, capaz de soportar los saques, derechas y reveses m\u00e1s duros del mundo.                                                                                                                                                                                                                                                                                                                                                                                                                                                                                                                                                                                                                                                                                                                                                                                                                                                                                                                                                                                                                                        <\/p>\n","protected":false},"excerpt":{"rendered":"<p>BOLAS HEAD TOUR XT BOTE DE 3<\/p>\n","protected":false},"featured_media":58869,"template":"","meta":[],"product_brand":[],"product_cat":[348],"product_tag":[22],"class_list":{"0":"post-46167","1":"product","2":"type-product","3":"status-publish","4":"has-post-thumbnail","6":"product_cat-deportes_tenis","7":"product_tag-head","8":"pa_color-unico","9":"pa_talla-unica","10":"thunk-woo-product-list","11":"opn-qv-enable","12":"open-woo-hover-","13":"open-single-product-tab-horizontal","14":"open-shadow-","15":"open-shadow-hover-","17":"first","18":"instock","19":"shipping-taxable","20":"purchasable","21":"product-type-variable"},"jetpack_sharing_enabled":true,"_links":{"self":[{"href":"https:\/\/www.deporteseli.com\/index.php?rest_route=\/wp\/v2\/product\/46167","targetHints":{"allow":["GET"]}}],"collection":[{"href":"https:\/\/www.deporteseli.com\/index.php?rest_route=\/wp\/v2\/product"}],"about":[{"href":"https:\/\/www.deporteseli.com\/index.php?rest_route=\/wp\/v2\/types\/product"}],"wp:featuredmedia":[{"embeddable":true,"href":"https:\/\/www.deporteseli.com\/index.php?rest_route=\/wp\/v2\/media\/58869"}],"wp:attachment":[{"href":"https:\/\/www.deporteseli.com\/index.php?rest_route=%2Fwp%2Fv2%2Fmedia&parent=46167"}],"wp:term":[{"taxonomy":"product_brand","embeddable":true,"href":"https:\/\/www.deporteseli.com\/index.php?rest_route=%2Fwp%2Fv2%2Fproduct_brand&post=46167"},{"taxonomy":"product_cat","embeddable":true,"href":"https:\/\/www.deporteseli.com\/index.php?rest_route=%2Fwp%2Fv2%2Fproduct_cat&post=46167"},{"taxonomy":"product_tag","embeddable":true,"href":"https:\/\/www.deporteseli.com\/index.php?rest_route=%2Fwp%2Fv2%2Fproduct_tag&post=46167"}],"curies":[{"name":"wp","href":"https:\/\/api.w.org\/{rel}","templated":true}]}}