{"id":46157,"date":"2026-01-27T21:08:40","date_gmt":"2026-01-27T21:08:40","guid":{"rendered":"https:\/\/www.deporteseli.com\/?product=chandal-puma-690738-2"},"modified":"2026-03-07T06:26:35","modified_gmt":"2026-03-07T06:26:35","slug":"chandal-puma-690738-2","status":"publish","type":"product","link":"https:\/\/www.deporteseli.com\/?product=chandal-puma-690738-2","title":{"rendered":"CHANDAL PUMA 690738"},"content":{"rendered":"<p>Ch\u00e1ndal PUMA para mujer en color burdeos y negro con sudadera y pantal\u00f3n a juego. La sudadera cuenta con cremallera frontal, capucha con cord\u00f3n ajustable e inserciones blancas en contraste en los laterales y las mangas, que estilizan la figura y le aportan un toque deportivo. El pantal\u00f3n tiene un corte ajustado, bajos el\u00e1sticos y el logotipo blanco de Puma estampado en el muslo. Su dise\u00f1o moderno y funcional lo hace ideal para hacer deporte o para un look deportivo c\u00f3modo y elegante. La modelo lleva la talla S y mide 170 cm. Recomendamos lavar y planchar a temperatura media. Temporada oto\u00f1o\/invierno.                                                                                                                                                                                                                                                                                                                                                                                                                                                                                                                                                                                                                                                                                                                                                                                                                                                                                                                                                                                                                                        <\/p>\n","protected":false},"excerpt":{"rendered":"<p>CHANDAL PUMA 690738<\/p>\n","protected":false},"featured_media":58862,"template":"","meta":[],"product_brand":[],"product_cat":[273],"product_tag":[32],"class_list":{"0":"post-46157","1":"product","2":"type-product","3":"status-publish","4":"has-post-thumbnail","6":"product_cat-mujer_textil_chandals","7":"product_tag-puma","8":"pa_color-unico","9":"pa_talla-xl","10":"thunk-woo-product-list","11":"opn-qv-enable","12":"open-woo-hover-","13":"open-single-product-tab-horizontal","14":"open-shadow-","15":"open-shadow-hover-","17":"first","18":"instock","19":"shipping-taxable","20":"purchasable","21":"product-type-variable"},"jetpack_sharing_enabled":true,"_links":{"self":[{"href":"https:\/\/www.deporteseli.com\/index.php?rest_route=\/wp\/v2\/product\/46157","targetHints":{"allow":["GET"]}}],"collection":[{"href":"https:\/\/www.deporteseli.com\/index.php?rest_route=\/wp\/v2\/product"}],"about":[{"href":"https:\/\/www.deporteseli.com\/index.php?rest_route=\/wp\/v2\/types\/product"}],"wp:featuredmedia":[{"embeddable":true,"href":"https:\/\/www.deporteseli.com\/index.php?rest_route=\/wp\/v2\/media\/58862"}],"wp:attachment":[{"href":"https:\/\/www.deporteseli.com\/index.php?rest_route=%2Fwp%2Fv2%2Fmedia&parent=46157"}],"wp:term":[{"taxonomy":"product_brand","embeddable":true,"href":"https:\/\/www.deporteseli.com\/index.php?rest_route=%2Fwp%2Fv2%2Fproduct_brand&post=46157"},{"taxonomy":"product_cat","embeddable":true,"href":"https:\/\/www.deporteseli.com\/index.php?rest_route=%2Fwp%2Fv2%2Fproduct_cat&post=46157"},{"taxonomy":"product_tag","embeddable":true,"href":"https:\/\/www.deporteseli.com\/index.php?rest_route=%2Fwp%2Fv2%2Fproduct_tag&post=46157"}],"curies":[{"name":"wp","href":"https:\/\/api.w.org\/{rel}","templated":true}]}}