{"id":46119,"date":"2026-01-27T21:07:45","date_gmt":"2026-01-27T21:07:45","guid":{"rendered":"https:\/\/www.deporteseli.com\/?product=camisa-puma-684906"},"modified":"2026-03-07T06:25:58","modified_gmt":"2026-03-07T06:25:58","slug":"camisa-puma-684906","status":"publish","type":"product","link":"https:\/\/www.deporteseli.com\/?product=camisa-puma-684906","title":{"rendered":"CAMISA  PUMA 684906"},"content":{"rendered":"<p>HISTORIA DEL PRODUCTO  Saca a relucir tu esp\u00edritu de campe\u00f3n con esta camiseta, con un llamativo estampado de goma del logo PUMA n.\u00ba 1. Dise\u00f1ada para quienes viven la vida con pasi\u00f3n y energ\u00eda, es la adici\u00f3n perfecta a tu armario.  Muestra tu orgullo PUMA a diario!    DETALLES  Ajuste regular  Jersey sencillo  Longitud regular  Cuello redondo  Mangas cortas  Detalles de la marca PUMA  PUMA Youth: Recomendado para ni\u00f1os mayores de entre 8 y 16 a\u00f1os  Informaci\u00f3n del material  Exterior: 100% algod\u00f3n  Costilla: 80% algod\u00f3n, 20% poli\u00e9ster                                                                                                                                                                                                                                                                                                                                                                                                                                                                                                                                                                                                                                                                                                                                                                                                                                                                                                                                                                                                                                        <\/p>\n","protected":false},"excerpt":{"rendered":"<p>CAMISA  PUMA 684906<\/p>\n","protected":false},"featured_media":58850,"template":"","meta":[],"product_brand":[],"product_cat":[296],"product_tag":[32],"class_list":{"0":"post-46119","1":"product","2":"type-product","3":"status-publish","4":"has-post-thumbnail","6":"product_cat-nino_textil_camisetas","7":"product_tag-puma","8":"pa_color-unico","9":"pa_talla-t-10","10":"pa_talla-t-12","11":"pa_talla-t-8","12":"thunk-woo-product-list","13":"opn-qv-enable","14":"open-woo-hover-","15":"open-single-product-tab-horizontal","16":"open-shadow-","17":"open-shadow-hover-","19":"first","20":"instock","21":"shipping-taxable","22":"purchasable","23":"product-type-variable"},"jetpack_sharing_enabled":true,"_links":{"self":[{"href":"https:\/\/www.deporteseli.com\/index.php?rest_route=\/wp\/v2\/product\/46119","targetHints":{"allow":["GET"]}}],"collection":[{"href":"https:\/\/www.deporteseli.com\/index.php?rest_route=\/wp\/v2\/product"}],"about":[{"href":"https:\/\/www.deporteseli.com\/index.php?rest_route=\/wp\/v2\/types\/product"}],"wp:featuredmedia":[{"embeddable":true,"href":"https:\/\/www.deporteseli.com\/index.php?rest_route=\/wp\/v2\/media\/58850"}],"wp:attachment":[{"href":"https:\/\/www.deporteseli.com\/index.php?rest_route=%2Fwp%2Fv2%2Fmedia&parent=46119"}],"wp:term":[{"taxonomy":"product_brand","embeddable":true,"href":"https:\/\/www.deporteseli.com\/index.php?rest_route=%2Fwp%2Fv2%2Fproduct_brand&post=46119"},{"taxonomy":"product_cat","embeddable":true,"href":"https:\/\/www.deporteseli.com\/index.php?rest_route=%2Fwp%2Fv2%2Fproduct_cat&post=46119"},{"taxonomy":"product_tag","embeddable":true,"href":"https:\/\/www.deporteseli.com\/index.php?rest_route=%2Fwp%2Fv2%2Fproduct_tag&post=46119"}],"curies":[{"name":"wp","href":"https:\/\/api.w.org\/{rel}","templated":true}]}}