{"id":46114,"date":"2026-01-27T21:07:39","date_gmt":"2026-01-27T21:07:39","guid":{"rendered":"https:\/\/www.deporteseli.com\/?product=camisa-puma-684892-3"},"modified":"2026-03-07T06:25:55","modified_gmt":"2026-03-07T06:25:55","slug":"camisa-puma-684892-3","status":"publish","type":"product","link":"https:\/\/www.deporteseli.com\/?product=camisa-puma-684892-3","title":{"rendered":"CAMISA  PUMA 684892"},"content":{"rendered":"<p>Descubre la camiseta de manga corta Puma Essentials No 1 Logo Ruby Shimmer para ni\u00f1as.  Con un corte ajustado y estilo cropped, esta prenda es perfecta para cualquier ocasi\u00f3n.  Est\u00e1 confeccionada en una mezcla de algod\u00f3n y elastano que garantiza comodidad y flexibilidad.  El ic\u00f3nico logo Puma No. 1 en el pecho a\u00f1ade un toque moderno y atractivo, convirti\u00e9ndola en una opci\u00f3n vers\u00e1til para el armario.  Ideal para combinaciones diarias, esta camiseta es una elecci\u00f3n ideal para j\u00f3venes amantes de la moda.  Aprovecha la oportunidad de vestir con estilo y comodidad.    Caracter\u00edsticas  Longitud: Corta (camiseta de manga corta, corte ajustado\/cropped).  Material: Mezcla de algod\u00f3n y elastano.  Dise\u00f1o: Logo Puma No. 1 en el pecho.  Caracter\u00edsticas adicionales: Estilo moderno y vers\u00e1til.                                                                                                                                                                                                                                                                                                                                                                                                                                                                                                                                                                                                                                                                                                                                                                                                                                                                                                                                                                                                                                        <\/p>\n","protected":false},"excerpt":{"rendered":"<p>CAMISA  PUMA 684892<\/p>\n","protected":false},"featured_media":58849,"template":"","meta":[],"product_brand":[],"product_cat":[245],"product_tag":[32],"class_list":{"0":"post-46114","1":"product","2":"type-product","3":"status-publish","4":"has-post-thumbnail","6":"product_cat-hombre_textil_camisetas","7":"product_tag-puma","8":"pa_color-unico","9":"pa_talla-t-10","10":"pa_talla-t-12","11":"pa_talla-t-14","12":"pa_talla-t-16","13":"thunk-woo-product-list","14":"opn-qv-enable","15":"open-woo-hover-","16":"open-single-product-tab-horizontal","17":"open-shadow-","18":"open-shadow-hover-","20":"first","21":"instock","22":"shipping-taxable","23":"purchasable","24":"product-type-variable"},"jetpack_sharing_enabled":true,"_links":{"self":[{"href":"https:\/\/www.deporteseli.com\/index.php?rest_route=\/wp\/v2\/product\/46114","targetHints":{"allow":["GET"]}}],"collection":[{"href":"https:\/\/www.deporteseli.com\/index.php?rest_route=\/wp\/v2\/product"}],"about":[{"href":"https:\/\/www.deporteseli.com\/index.php?rest_route=\/wp\/v2\/types\/product"}],"wp:featuredmedia":[{"embeddable":true,"href":"https:\/\/www.deporteseli.com\/index.php?rest_route=\/wp\/v2\/media\/58849"}],"wp:attachment":[{"href":"https:\/\/www.deporteseli.com\/index.php?rest_route=%2Fwp%2Fv2%2Fmedia&parent=46114"}],"wp:term":[{"taxonomy":"product_brand","embeddable":true,"href":"https:\/\/www.deporteseli.com\/index.php?rest_route=%2Fwp%2Fv2%2Fproduct_brand&post=46114"},{"taxonomy":"product_cat","embeddable":true,"href":"https:\/\/www.deporteseli.com\/index.php?rest_route=%2Fwp%2Fv2%2Fproduct_cat&post=46114"},{"taxonomy":"product_tag","embeddable":true,"href":"https:\/\/www.deporteseli.com\/index.php?rest_route=%2Fwp%2Fv2%2Fproduct_tag&post=46114"}],"curies":[{"name":"wp","href":"https:\/\/api.w.org\/{rel}","templated":true}]}}