{"id":46112,"date":"2026-01-27T21:07:35","date_gmt":"2026-01-27T21:07:35","guid":{"rendered":"https:\/\/www.deporteseli.com\/?product=sudadera-puma-684718"},"modified":"2026-03-07T06:25:50","modified_gmt":"2026-03-07T06:25:50","slug":"sudadera-puma-684718","status":"publish","type":"product","link":"https:\/\/www.deporteseli.com\/?product=sudadera-puma-684718","title":{"rendered":"SUDADERA PUMA 684718"},"content":{"rendered":"<p>Siente la energ\u00eda en cada momento con la din\u00e1mica sudadera con capucha de PUMA. Con el logo del n\u00famero 1 bordado, capucha ajustable y pu\u00f1os y dobladillo acanalados, es tu compa\u00f1era perfecta para cualquier actividad. Aprovecha cada momento con el estilo caracter\u00edstico de PUMA.                                                                                                                                                                                                                                                                                                                                                                                                                                                                                                                                                                                                                                                                                                                                                                                                                                                                                                                                                                                                                                        <\/p>\n","protected":false},"excerpt":{"rendered":"<p>SUDADERA PUMA 684718<\/p>\n","protected":false},"featured_media":58847,"template":"","meta":[],"product_brand":[],"product_cat":[253],"product_tag":[32],"class_list":{"0":"post-46112","1":"product","2":"type-product","3":"status-publish","4":"has-post-thumbnail","6":"product_cat-hombre_textil_sudaderas","7":"product_tag-puma","8":"pa_color-unico","9":"pa_talla-s","10":"thunk-woo-product-list","11":"opn-qv-enable","12":"open-woo-hover-","13":"open-single-product-tab-horizontal","14":"open-shadow-","15":"open-shadow-hover-","17":"first","18":"instock","19":"shipping-taxable","20":"purchasable","21":"product-type-variable"},"jetpack_sharing_enabled":true,"_links":{"self":[{"href":"https:\/\/www.deporteseli.com\/index.php?rest_route=\/wp\/v2\/product\/46112","targetHints":{"allow":["GET"]}}],"collection":[{"href":"https:\/\/www.deporteseli.com\/index.php?rest_route=\/wp\/v2\/product"}],"about":[{"href":"https:\/\/www.deporteseli.com\/index.php?rest_route=\/wp\/v2\/types\/product"}],"wp:featuredmedia":[{"embeddable":true,"href":"https:\/\/www.deporteseli.com\/index.php?rest_route=\/wp\/v2\/media\/58847"}],"wp:attachment":[{"href":"https:\/\/www.deporteseli.com\/index.php?rest_route=%2Fwp%2Fv2%2Fmedia&parent=46112"}],"wp:term":[{"taxonomy":"product_brand","embeddable":true,"href":"https:\/\/www.deporteseli.com\/index.php?rest_route=%2Fwp%2Fv2%2Fproduct_brand&post=46112"},{"taxonomy":"product_cat","embeddable":true,"href":"https:\/\/www.deporteseli.com\/index.php?rest_route=%2Fwp%2Fv2%2Fproduct_cat&post=46112"},{"taxonomy":"product_tag","embeddable":true,"href":"https:\/\/www.deporteseli.com\/index.php?rest_route=%2Fwp%2Fv2%2Fproduct_tag&post=46112"}],"curies":[{"name":"wp","href":"https:\/\/api.w.org\/{rel}","templated":true}]}}