{"id":46109,"date":"2026-01-27T21:07:32","date_gmt":"2026-01-27T21:07:32","guid":{"rendered":"https:\/\/www.deporteseli.com\/?product=camisa-puma-684717"},"modified":"2026-03-07T06:25:48","modified_gmt":"2026-03-07T06:25:48","slug":"camisa-puma-684717","status":"publish","type":"product","link":"https:\/\/www.deporteseli.com\/?product=camisa-puma-684717","title":{"rendered":"CAMISA PUMA 684717"},"content":{"rendered":"<p>Descripci\u00f3n  D\u00e9jate llevar por el estilo PUMA con esta camiseta con un elegante logotipo bordado. Dise\u00f1ada para destacar, combina a la perfecci\u00f3n estilo sobrio y comodidad.    Detalles  Ajuste regular  Cuello redondo  Mangas cortas  Logotipo PUMA N\u00b0 1 bordado  Detalles de la marca PUMA  Caracter\u00edsticas y beneficios  Fabricado con un m\u00ednimo de 20% de algod\u00f3n reciclado.  Materiales  Exterior: 100% algod\u00f3n  Refuerzo: 80% Algod\u00f3n, 20% Poli\u00e9ster  Instrucciones de cuidado  No decorar  Utilice detergente para ropa de color  No lavar en seco  Lavar y planchar del rev\u00e9s.  Lavar con colores similares                                                                                                                                                                                                                                                                                                                                                                                                                                                                                                                                                                                                                                                                                                                                                                                                                                                                                                                                                                                                                                        <\/p>\n","protected":false},"excerpt":{"rendered":"<p>CAMISA PUMA 684717<\/p>\n","protected":false},"featured_media":58846,"template":"","meta":[],"product_brand":[],"product_cat":[245],"product_tag":[32],"class_list":{"0":"post-46109","1":"product","2":"type-product","3":"status-publish","4":"has-post-thumbnail","6":"product_cat-hombre_textil_camisetas","7":"product_tag-puma","8":"pa_color-unico","9":"pa_talla-l","10":"pa_talla-s","11":"thunk-woo-product-list","12":"opn-qv-enable","13":"open-woo-hover-","14":"open-single-product-tab-horizontal","15":"open-shadow-","16":"open-shadow-hover-","18":"first","19":"instock","20":"shipping-taxable","21":"purchasable","22":"product-type-variable"},"jetpack_sharing_enabled":true,"_links":{"self":[{"href":"https:\/\/www.deporteseli.com\/index.php?rest_route=\/wp\/v2\/product\/46109","targetHints":{"allow":["GET"]}}],"collection":[{"href":"https:\/\/www.deporteseli.com\/index.php?rest_route=\/wp\/v2\/product"}],"about":[{"href":"https:\/\/www.deporteseli.com\/index.php?rest_route=\/wp\/v2\/types\/product"}],"wp:featuredmedia":[{"embeddable":true,"href":"https:\/\/www.deporteseli.com\/index.php?rest_route=\/wp\/v2\/media\/58846"}],"wp:attachment":[{"href":"https:\/\/www.deporteseli.com\/index.php?rest_route=%2Fwp%2Fv2%2Fmedia&parent=46109"}],"wp:term":[{"taxonomy":"product_brand","embeddable":true,"href":"https:\/\/www.deporteseli.com\/index.php?rest_route=%2Fwp%2Fv2%2Fproduct_brand&post=46109"},{"taxonomy":"product_cat","embeddable":true,"href":"https:\/\/www.deporteseli.com\/index.php?rest_route=%2Fwp%2Fv2%2Fproduct_cat&post=46109"},{"taxonomy":"product_tag","embeddable":true,"href":"https:\/\/www.deporteseli.com\/index.php?rest_route=%2Fwp%2Fv2%2Fproduct_tag&post=46109"}],"curies":[{"name":"wp","href":"https:\/\/api.w.org\/{rel}","templated":true}]}}