{"id":46092,"date":"2026-01-27T21:07:02","date_gmt":"2026-01-27T21:07:02","guid":{"rendered":"https:\/\/www.deporteseli.com\/?product=pantalon-puma-682428"},"modified":"2026-03-07T06:25:32","modified_gmt":"2026-03-07T06:25:32","slug":"pantalon-puma-682428","status":"publish","type":"product","link":"https:\/\/www.deporteseli.com\/?product=pantalon-puma-682428","title":{"rendered":"PANTALON PUMA 682428"},"content":{"rendered":"<p>Descripci\u00f3n  Si\u00e9ntete imparable con estos leggings rectos de cintura alta. Con la elegante marca PUMA y una cintura el\u00e1stica, son perfectos para cualquier aventura. Abraza tu esp\u00edritu PUMA y haz que cada movimiento cuente.   Modelo: 682428_01   COLOR: PUMA Black                                                                                                                                                                                                                                                                                                                                                                                                                                                                                                                                                                                                                                                                                                                                                                                                                                                                                                                                                                                                                                        <\/p>\n","protected":false},"excerpt":{"rendered":"<p>PANTALON PUMA 682428<\/p>\n","protected":false},"featured_media":58837,"template":"","meta":[],"product_brand":[],"product_cat":[278],"product_tag":[32],"class_list":{"0":"post-46092","1":"product","2":"type-product","3":"status-publish","4":"has-post-thumbnail","6":"product_cat-mujer_textil_pantalones","7":"product_tag-puma","8":"pa_color-unico","9":"pa_talla-l","10":"pa_talla-m","11":"pa_talla-xs","12":"thunk-woo-product-list","13":"opn-qv-enable","14":"open-woo-hover-","15":"open-single-product-tab-horizontal","16":"open-shadow-","17":"open-shadow-hover-","19":"first","20":"instock","21":"shipping-taxable","22":"purchasable","23":"product-type-variable"},"jetpack_sharing_enabled":true,"_links":{"self":[{"href":"https:\/\/www.deporteseli.com\/index.php?rest_route=\/wp\/v2\/product\/46092","targetHints":{"allow":["GET"]}}],"collection":[{"href":"https:\/\/www.deporteseli.com\/index.php?rest_route=\/wp\/v2\/product"}],"about":[{"href":"https:\/\/www.deporteseli.com\/index.php?rest_route=\/wp\/v2\/types\/product"}],"wp:featuredmedia":[{"embeddable":true,"href":"https:\/\/www.deporteseli.com\/index.php?rest_route=\/wp\/v2\/media\/58837"}],"wp:attachment":[{"href":"https:\/\/www.deporteseli.com\/index.php?rest_route=%2Fwp%2Fv2%2Fmedia&parent=46092"}],"wp:term":[{"taxonomy":"product_brand","embeddable":true,"href":"https:\/\/www.deporteseli.com\/index.php?rest_route=%2Fwp%2Fv2%2Fproduct_brand&post=46092"},{"taxonomy":"product_cat","embeddable":true,"href":"https:\/\/www.deporteseli.com\/index.php?rest_route=%2Fwp%2Fv2%2Fproduct_cat&post=46092"},{"taxonomy":"product_tag","embeddable":true,"href":"https:\/\/www.deporteseli.com\/index.php?rest_route=%2Fwp%2Fv2%2Fproduct_tag&post=46092"}],"curies":[{"name":"wp","href":"https:\/\/api.w.org\/{rel}","templated":true}]}}