{"id":46075,"date":"2026-01-27T21:06:35","date_gmt":"2026-01-27T21:06:35","guid":{"rendered":"https:\/\/www.deporteseli.com\/?product=botas-puma-king-match-mg"},"modified":"2026-01-27T21:06:48","modified_gmt":"2026-01-27T21:06:48","slug":"botas-puma-king-match-mg","status":"publish","type":"product","link":"https:\/\/www.deporteseli.com\/?product=botas-puma-king-match-mg","title":{"rendered":"BOTAS PUMA KING MATCH MG"},"content":{"rendered":"<p>Descripci\u00f3n  Descubre las Botas de F\u00fatbol Puma King Match MG en un elegante color blanco silver.    Ideales para jugadores que buscan rendimiento y estilo, estas botas est\u00e1n dise\u00f1adas para m\u00faltiples terrenos, gracias a su suela multitaco que garantiza una tracci\u00f3n fiable en diversas superficies.    La parte superior, elaborada con piel sint\u00e9tica suave, proporciona un excelente toque de bal\u00f3n, lo que te permitir\u00e1 controlar el juego con precisi\u00f3n.    Con un ajuste c\u00f3modo y seguro, las Puma King Match son la elecci\u00f3n perfecta para aquellos que buscan mejorar su desempe\u00f1o en el campo.  No te quedes sin ellas!    Potencia tu juego con las botas que marcan la diferencia.    Caracter\u00edsticas  Tipo de calzado: Botas de f\u00fatbol para m\u00faltiples terrenos (MG).  Material: Parte superior de piel sint\u00e9tica suave para un buen toque de bal\u00f3n.  Ajuste: Confeccionadas para ofrecer un ajuste c\u00f3modo y seguro.  Suela: Suela multitaco que proporciona tracci\u00f3n fiable en diversas superficies                                                                                                                                                                                                                                                                                                                                                                                                                                                                                                                                                                                                                                                                                                                                                                                                                                                                                                                                                                                                                                        <\/p>\n","protected":false},"excerpt":{"rendered":"<p>BOTAS PUMA KING MATCH MG<\/p>\n","protected":false},"featured_media":58823,"template":"","meta":[],"product_brand":[],"product_cat":[318],"product_tag":[32],"class_list":{"0":"post-46075","1":"product","2":"type-product","3":"status-publish","4":"has-post-thumbnail","6":"product_cat-deportes_futbol_botas","7":"product_tag-puma","8":"pa_color-unico","9":"pa_talla-40-5","10":"pa_talla-151","11":"pa_talla-153","12":"pa_talla-155","13":"pa_talla-157","14":"pa_talla-44-5","15":"pa_talla-159","16":"pa_talla-161","17":"thunk-woo-product-list","18":"opn-qv-enable","19":"open-woo-hover-","20":"open-single-product-tab-horizontal","21":"open-shadow-","22":"open-shadow-hover-","24":"first","25":"instock","26":"sale","27":"shipping-taxable","28":"purchasable","29":"product-type-variable"},"jetpack_sharing_enabled":true,"_links":{"self":[{"href":"https:\/\/www.deporteseli.com\/index.php?rest_route=\/wp\/v2\/product\/46075","targetHints":{"allow":["GET"]}}],"collection":[{"href":"https:\/\/www.deporteseli.com\/index.php?rest_route=\/wp\/v2\/product"}],"about":[{"href":"https:\/\/www.deporteseli.com\/index.php?rest_route=\/wp\/v2\/types\/product"}],"wp:featuredmedia":[{"embeddable":true,"href":"https:\/\/www.deporteseli.com\/index.php?rest_route=\/wp\/v2\/media\/58823"}],"wp:attachment":[{"href":"https:\/\/www.deporteseli.com\/index.php?rest_route=%2Fwp%2Fv2%2Fmedia&parent=46075"}],"wp:term":[{"taxonomy":"product_brand","embeddable":true,"href":"https:\/\/www.deporteseli.com\/index.php?rest_route=%2Fwp%2Fv2%2Fproduct_brand&post=46075"},{"taxonomy":"product_cat","embeddable":true,"href":"https:\/\/www.deporteseli.com\/index.php?rest_route=%2Fwp%2Fv2%2Fproduct_cat&post=46075"},{"taxonomy":"product_tag","embeddable":true,"href":"https:\/\/www.deporteseli.com\/index.php?rest_route=%2Fwp%2Fv2%2Fproduct_tag&post=46075"}],"curies":[{"name":"wp","href":"https:\/\/api.w.org\/{rel}","templated":true}]}}