{"id":46065,"date":"2026-01-27T21:06:20","date_gmt":"2026-01-27T21:06:20","guid":{"rendered":"https:\/\/www.deporteseli.com\/?product=rinonera-puma-091184"},"modified":"2026-01-27T21:06:22","modified_gmt":"2026-01-27T21:06:22","slug":"rinonera-puma-091184","status":"publish","type":"product","link":"https:\/\/www.deporteseli.com\/?product=rinonera-puma-091184","title":{"rendered":"RI\u00f1ONERA PUMA 091184"},"content":{"rendered":"<p>Descripci\u00f3n  La Bolsa Puma Plus Waist Bag en color Azul Marino es el accesorio perfecto para quienes buscan comodidad y estilo.    Esta ri\u00f1onera, tambi\u00e9n conocida como waist bag, cuenta con un amplio compartimento principal cerrado con cremallera, ideal para llevar tus objetos personales de forma segura.    Su correa ajustable proporciona un ajuste perfecto a tu cintura, permiti\u00e9ndote moverte con libertad.    Dise\u00f1ada por la reconocida marca Puma, combina funcionalidad y dise\u00f1o moderno, convirti\u00e9ndola en el complemento ideal para actividades al aire libre o el uso diario.    No dejes pasar la oportunidad de tener esta pr\u00e1ctica y elegante ri\u00f1onera.  Ll\u00e9vala contigo!    Caracter\u00edsticas  Tipo de producto: Ri\u00f1onera o bolsa de cintura (Waist Bag).  Compartimentos: Compartimento principal con cremallera.  Ajuste: Correa ajustable para la cintura.  Color: Azul marino.                                                                                                                                                                                                                                                                                                                                                                                                                                                                                                                                                                                                                                                                                                                                                                                                                                                                                                                                                                                                                                        <\/p>\n","protected":false},"excerpt":{"rendered":"<p>RI\u00f1ONERA PUMA 091184<\/p>\n","protected":false},"featured_media":58807,"template":"","meta":[],"product_brand":[],"product_cat":[410],"product_tag":[32],"class_list":{"0":"post-46065","1":"product","2":"type-product","3":"status-publish","4":"has-post-thumbnail","6":"product_cat-accesorios_rinoneras","7":"product_tag-puma","8":"pa_color-unico","9":"pa_talla-unica","10":"thunk-woo-product-list","11":"opn-qv-enable","12":"open-woo-hover-","13":"open-single-product-tab-horizontal","14":"open-shadow-","15":"open-shadow-hover-","17":"first","18":"instock","19":"shipping-taxable","20":"purchasable","21":"product-type-variable"},"jetpack_sharing_enabled":true,"_links":{"self":[{"href":"https:\/\/www.deporteseli.com\/index.php?rest_route=\/wp\/v2\/product\/46065","targetHints":{"allow":["GET"]}}],"collection":[{"href":"https:\/\/www.deporteseli.com\/index.php?rest_route=\/wp\/v2\/product"}],"about":[{"href":"https:\/\/www.deporteseli.com\/index.php?rest_route=\/wp\/v2\/types\/product"}],"wp:featuredmedia":[{"embeddable":true,"href":"https:\/\/www.deporteseli.com\/index.php?rest_route=\/wp\/v2\/media\/58807"}],"wp:attachment":[{"href":"https:\/\/www.deporteseli.com\/index.php?rest_route=%2Fwp%2Fv2%2Fmedia&parent=46065"}],"wp:term":[{"taxonomy":"product_brand","embeddable":true,"href":"https:\/\/www.deporteseli.com\/index.php?rest_route=%2Fwp%2Fv2%2Fproduct_brand&post=46065"},{"taxonomy":"product_cat","embeddable":true,"href":"https:\/\/www.deporteseli.com\/index.php?rest_route=%2Fwp%2Fv2%2Fproduct_cat&post=46065"},{"taxonomy":"product_tag","embeddable":true,"href":"https:\/\/www.deporteseli.com\/index.php?rest_route=%2Fwp%2Fv2%2Fproduct_tag&post=46065"}],"curies":[{"name":"wp","href":"https:\/\/api.w.org\/{rel}","templated":true}]}}