{"id":46059,"date":"2026-01-27T21:06:11","date_gmt":"2026-01-27T21:06:11","guid":{"rendered":"https:\/\/www.deporteseli.com\/?product=guantes-puma-ultra-junior-match-protect"},"modified":"2026-01-27T21:06:15","modified_gmt":"2026-01-27T21:06:15","slug":"guantes-puma-ultra-junior-match-protect","status":"publish","type":"product","link":"https:\/\/www.deporteseli.com\/?product=guantes-puma-ultra-junior-match-protect","title":{"rendered":"GUANTES PUMA ULTRA JUNIOR MATCH PROTECT"},"content":{"rendered":"<p>Descripci\u00f3n del Producto  Prep\u00e1rate para ganar. Las palmas de l\u00e1tex multiagarre de 3 mm ofrecen un agarre y control superiores, mientras que el dorso de l\u00e1tex en relieve a\u00f1ade flexibilidad y potencia. Con la protecci\u00f3n de 4 dedos de PUMA y la correa de l\u00e1tex completa, est\u00e1s listo para cada parada ganadora. El juego es tuyo con la confianza de PUMA.                                                                                                                                                                                                                                                                                                                                                                                                                                                                                                                                                                                                                                                                                                                                                                                                                                                                                                                                                                                                                                        <\/p>\n","protected":false},"excerpt":{"rendered":"<p>GUANTES PUMA ULTRA JUNIOR MATCH PROTECT<\/p>\n","protected":false},"featured_media":58801,"template":"","meta":[],"product_brand":[],"product_cat":[322],"product_tag":[32],"class_list":{"0":"post-46059","1":"product","2":"type-product","3":"status-publish","4":"has-post-thumbnail","6":"product_cat-deportes_futbol_guantes_portero","7":"product_tag-puma","8":"pa_color-unico","9":"pa_talla-168","10":"pa_talla-169","11":"pa_talla-170","12":"thunk-woo-product-list","13":"opn-qv-enable","14":"open-woo-hover-","15":"open-single-product-tab-horizontal","16":"open-shadow-","17":"open-shadow-hover-","19":"first","20":"instock","21":"shipping-taxable","22":"purchasable","23":"product-type-variable"},"jetpack_sharing_enabled":true,"_links":{"self":[{"href":"https:\/\/www.deporteseli.com\/index.php?rest_route=\/wp\/v2\/product\/46059","targetHints":{"allow":["GET"]}}],"collection":[{"href":"https:\/\/www.deporteseli.com\/index.php?rest_route=\/wp\/v2\/product"}],"about":[{"href":"https:\/\/www.deporteseli.com\/index.php?rest_route=\/wp\/v2\/types\/product"}],"wp:featuredmedia":[{"embeddable":true,"href":"https:\/\/www.deporteseli.com\/index.php?rest_route=\/wp\/v2\/media\/58801"}],"wp:attachment":[{"href":"https:\/\/www.deporteseli.com\/index.php?rest_route=%2Fwp%2Fv2%2Fmedia&parent=46059"}],"wp:term":[{"taxonomy":"product_brand","embeddable":true,"href":"https:\/\/www.deporteseli.com\/index.php?rest_route=%2Fwp%2Fv2%2Fproduct_brand&post=46059"},{"taxonomy":"product_cat","embeddable":true,"href":"https:\/\/www.deporteseli.com\/index.php?rest_route=%2Fwp%2Fv2%2Fproduct_cat&post=46059"},{"taxonomy":"product_tag","embeddable":true,"href":"https:\/\/www.deporteseli.com\/index.php?rest_route=%2Fwp%2Fv2%2Fproduct_tag&post=46059"}],"curies":[{"name":"wp","href":"https:\/\/api.w.org\/{rel}","templated":true}]}}