{"id":46054,"date":"2026-01-27T21:06:00","date_gmt":"2026-01-27T21:06:00","guid":{"rendered":"https:\/\/www.deporteseli.com\/?product=guantes-puma-ultra-match-protect"},"modified":"2026-01-27T21:06:09","modified_gmt":"2026-01-27T21:06:09","slug":"guantes-puma-ultra-match-protect","status":"publish","type":"product","link":"https:\/\/www.deporteseli.com\/?product=guantes-puma-ultra-match-protect","title":{"rendered":"GUANTES PUMA ULTRA MATCH PROTECT"},"content":{"rendered":"<p>Descripci\u00f3n del Producto  Prep\u00e1rate para ganar. Las palmas de l\u00e1tex multiagarre de 3 mm ofrecen un agarre y control superiores, mientras que el dorso de l\u00e1tex en relieve a\u00f1ade flexibilidad y potencia. Con la protecci\u00f3n de 4 dedos de PUMA y la correa de l\u00e1tex completa, est\u00e1s listo para cada parada ganadora. El juego es tuyo con la confianza de PUMA.   Estilo: 042086_01   Color: Rojo ultra azul brillante                                                                                                                                                                                                                                                                                                                                                                                                                                                                                                                                                                                                                                                                                                                                                                                                                                                                                                                                                                                                                                        <\/p>\n","protected":false},"excerpt":{"rendered":"<p>GUANTES PUMA ULTRA MATCH PROTECT<\/p>\n","protected":false},"featured_media":58799,"template":"","meta":[],"product_brand":[],"product_cat":[322],"product_tag":[32],"class_list":{"0":"post-46054","1":"product","2":"type-product","3":"status-publish","4":"has-post-thumbnail","6":"product_cat-deportes_futbol_guantes_portero","7":"product_tag-puma","8":"pa_color-unico","9":"pa_talla-171","10":"pa_talla-t-10","11":"pa_talla-t-8","12":"pa_talla-t-9","13":"thunk-woo-product-list","14":"opn-qv-enable","15":"open-woo-hover-","16":"open-single-product-tab-horizontal","17":"open-shadow-","18":"open-shadow-hover-","20":"first","21":"instock","22":"shipping-taxable","23":"purchasable","24":"product-type-variable"},"jetpack_sharing_enabled":true,"_links":{"self":[{"href":"https:\/\/www.deporteseli.com\/index.php?rest_route=\/wp\/v2\/product\/46054","targetHints":{"allow":["GET"]}}],"collection":[{"href":"https:\/\/www.deporteseli.com\/index.php?rest_route=\/wp\/v2\/product"}],"about":[{"href":"https:\/\/www.deporteseli.com\/index.php?rest_route=\/wp\/v2\/types\/product"}],"wp:featuredmedia":[{"embeddable":true,"href":"https:\/\/www.deporteseli.com\/index.php?rest_route=\/wp\/v2\/media\/58799"}],"wp:attachment":[{"href":"https:\/\/www.deporteseli.com\/index.php?rest_route=%2Fwp%2Fv2%2Fmedia&parent=46054"}],"wp:term":[{"taxonomy":"product_brand","embeddable":true,"href":"https:\/\/www.deporteseli.com\/index.php?rest_route=%2Fwp%2Fv2%2Fproduct_brand&post=46054"},{"taxonomy":"product_cat","embeddable":true,"href":"https:\/\/www.deporteseli.com\/index.php?rest_route=%2Fwp%2Fv2%2Fproduct_cat&post=46054"},{"taxonomy":"product_tag","embeddable":true,"href":"https:\/\/www.deporteseli.com\/index.php?rest_route=%2Fwp%2Fv2%2Fproduct_tag&post=46054"}],"curies":[{"name":"wp","href":"https:\/\/api.w.org\/{rel}","templated":true}]}}