{"id":46050,"date":"2026-01-27T21:05:54","date_gmt":"2026-01-27T21:05:54","guid":{"rendered":"https:\/\/www.deporteseli.com\/?product=raquetero-wilson-6-raquetas"},"modified":"2026-01-27T21:05:56","modified_gmt":"2026-01-27T21:05:56","slug":"raquetero-wilson-6-raquetas","status":"publish","type":"product","link":"https:\/\/www.deporteseli.com\/?product=raquetero-wilson-6-raquetas","title":{"rendered":"RAQUETERO WILSON 6 RAQUETAS"},"content":{"rendered":"<p>Bolsa para raquetas de tenis Wilson Ultra V5 Tour (paquete de 6) WR8044401001  Disfrute de la excelente calidad y la utilidad de nivel profesional de la \u00faltima colecci\u00f3n de bolsos Ultra V5 Tour de Wilson, dise\u00f1ada en el legendario rojo, el color m\u00e1s ic\u00f3nico de la marca.     Esta bolsa puede contener hasta 6 raquetas junto con ropa y accesorios, y cuenta con tres compartimentos principales, dos de los cuales est\u00e1n equipados con revestimiento Thermoguard para proteger los art\u00edculos de temperaturas extremas.     El compartimento para zapatos con cremallera mejorado es m\u00e1s f\u00e1cil de acceder y m\u00e1s ventilado, mientras que tres pr\u00e1cticos bolsillos exteriores guardan art\u00edculos peque\u00f1os como billeteras, tel\u00e9fonos o art\u00edculos personales.     Las correas ajustables y acolchadas permiten al usuario llevarlo como una mochila, y tambi\u00e9n hay un asa resistente para llevarlo en la mano cuando sea necesario.                                                                                                                                                                                                                                                                                                                                                                                                                                                                                                                                                                                                                                                                                                                                                                                                                                                                                                                                                                                                                                        <\/p>\n","protected":false},"excerpt":{"rendered":"<p>RAQUETERO WILSON 6 RAQUETAS<\/p>\n","protected":false},"featured_media":58793,"template":"","meta":[],"product_brand":[],"product_cat":[348],"product_tag":[57],"class_list":{"0":"post-46050","1":"product","2":"type-product","3":"status-publish","4":"has-post-thumbnail","6":"product_cat-deportes_tenis","7":"product_tag-wilson","8":"pa_color-unico","9":"pa_talla-unica","10":"thunk-woo-product-list","11":"opn-qv-enable","12":"open-woo-hover-","13":"open-single-product-tab-horizontal","14":"open-shadow-","15":"open-shadow-hover-","17":"first","18":"instock","19":"sale","20":"shipping-taxable","21":"purchasable","22":"product-type-variable"},"jetpack_sharing_enabled":true,"_links":{"self":[{"href":"https:\/\/www.deporteseli.com\/index.php?rest_route=\/wp\/v2\/product\/46050","targetHints":{"allow":["GET"]}}],"collection":[{"href":"https:\/\/www.deporteseli.com\/index.php?rest_route=\/wp\/v2\/product"}],"about":[{"href":"https:\/\/www.deporteseli.com\/index.php?rest_route=\/wp\/v2\/types\/product"}],"wp:featuredmedia":[{"embeddable":true,"href":"https:\/\/www.deporteseli.com\/index.php?rest_route=\/wp\/v2\/media\/58793"}],"wp:attachment":[{"href":"https:\/\/www.deporteseli.com\/index.php?rest_route=%2Fwp%2Fv2%2Fmedia&parent=46050"}],"wp:term":[{"taxonomy":"product_brand","embeddable":true,"href":"https:\/\/www.deporteseli.com\/index.php?rest_route=%2Fwp%2Fv2%2Fproduct_brand&post=46050"},{"taxonomy":"product_cat","embeddable":true,"href":"https:\/\/www.deporteseli.com\/index.php?rest_route=%2Fwp%2Fv2%2Fproduct_cat&post=46050"},{"taxonomy":"product_tag","embeddable":true,"href":"https:\/\/www.deporteseli.com\/index.php?rest_route=%2Fwp%2Fv2%2Fproduct_tag&post=46050"}],"curies":[{"name":"wp","href":"https:\/\/api.w.org\/{rel}","templated":true}]}}