{"id":46037,"date":"2026-01-27T21:05:37","date_gmt":"2026-01-27T21:05:37","guid":{"rendered":"https:\/\/www.deporteseli.com\/?product=tenis-adidas-jp7380"},"modified":"2026-02-22T05:18:23","modified_gmt":"2026-02-22T05:18:23","slug":"tenis-adidas-jp7380","status":"publish","type":"product","link":"https:\/\/www.deporteseli.com\/?product=tenis-adidas-jp7380","title":{"rendered":"TENIS ADIDAS JP7380"},"content":{"rendered":"<p>Conquista cualquier sendero  El verano invita a explorar y esta zapatilla de senderismo adidas Terrex se ha creado para explorar terrenos planos y escarpados, cercanos y lejanos. Desde caminatas por el bosque a rutas de monta\u00f1a, su dise\u00f1o resistente y ligero te ofrece la estabilidad que necesitan tus pies. La membrana impermeable GORE-TEX mantiene los pies secos y la suela con compuesto de caucho Continental\u2122 te proporciona agarre y confianza sobre roca, terrenos embarrados o inestables y caminos con desnivel.  Horma cl\u00e1sica  Cierre de cordones  Parte superior de malla con refuerzos sint\u00e9ticos para una mayor resistencia al desgaste  Membrana GORE-TEX  Leng\u00fceta reforzada  Mediasuela de EVA  Suela con compuesto de caucho Continental\u2122  La parte superior contiene al menos un 50% de material reciclado  Color del art\u00edculo: Shadow Navy \/ Wonder Steel \/ Semi Lucid Blue  N\u00famero de art\u00edculo: JP7380                                                                                                                                                                                                                                                                                                                                                                                                                                                                                                                                                                                                                                                                                                                                                                                                                                                                                                                                                                                                                                        <\/p>\n","protected":false},"excerpt":{"rendered":"<p>TENIS ADIDAS JP7380<\/p>\n","protected":false},"featured_media":58781,"template":"","meta":[],"product_brand":[],"product_cat":[260],"product_tag":[18],"class_list":{"0":"post-46037","1":"product","2":"type-product","3":"status-publish","4":"has-post-thumbnail","6":"product_cat-hombre_calzado_trail","7":"product_tag-adidas","8":"pa_color-unico","9":"pa_talla-153","10":"thunk-woo-product-list","11":"opn-qv-enable","12":"open-woo-hover-","13":"open-single-product-tab-horizontal","14":"open-shadow-","15":"open-shadow-hover-","17":"first","18":"instock","19":"sale","20":"shipping-taxable","21":"purchasable","22":"product-type-variable"},"jetpack_sharing_enabled":true,"_links":{"self":[{"href":"https:\/\/www.deporteseli.com\/index.php?rest_route=\/wp\/v2\/product\/46037","targetHints":{"allow":["GET"]}}],"collection":[{"href":"https:\/\/www.deporteseli.com\/index.php?rest_route=\/wp\/v2\/product"}],"about":[{"href":"https:\/\/www.deporteseli.com\/index.php?rest_route=\/wp\/v2\/types\/product"}],"wp:featuredmedia":[{"embeddable":true,"href":"https:\/\/www.deporteseli.com\/index.php?rest_route=\/wp\/v2\/media\/58781"}],"wp:attachment":[{"href":"https:\/\/www.deporteseli.com\/index.php?rest_route=%2Fwp%2Fv2%2Fmedia&parent=46037"}],"wp:term":[{"taxonomy":"product_brand","embeddable":true,"href":"https:\/\/www.deporteseli.com\/index.php?rest_route=%2Fwp%2Fv2%2Fproduct_brand&post=46037"},{"taxonomy":"product_cat","embeddable":true,"href":"https:\/\/www.deporteseli.com\/index.php?rest_route=%2Fwp%2Fv2%2Fproduct_cat&post=46037"},{"taxonomy":"product_tag","embeddable":true,"href":"https:\/\/www.deporteseli.com\/index.php?rest_route=%2Fwp%2Fv2%2Fproduct_tag&post=46037"}],"curies":[{"name":"wp","href":"https:\/\/api.w.org\/{rel}","templated":true}]}}