{"id":46019,"date":"2026-01-27T21:05:14","date_gmt":"2026-01-27T21:05:14","guid":{"rendered":"https:\/\/www.deporteseli.com\/?product=camisa-real-madrid-2a-temp-2025-26"},"modified":"2026-01-27T21:05:20","modified_gmt":"2026-01-27T21:05:20","slug":"camisa-real-madrid-2a-temp-2025-26","status":"publish","type":"product","link":"https:\/\/www.deporteseli.com\/?product=camisa-real-madrid-2a-temp-2025-26","title":{"rendered":"CAMISA REAL MADRID 2\u00aa TEMP. 2025\/26"},"content":{"rendered":"<p>Una camiseta del Real Madrid para fans que hace un gui\u00f1o al nuevo look del Bernab\u00e9u.  Ahora que el famoso estadio del Real Madrid entra en su nueva era, esta camiseta de f\u00fatbol segunda equipaci\u00f3n adidas rinde homenaje a las noches m\u00e1gicas en el Santiago Bernab\u00e9u. El estampado efecto muar\u00e9 y los detalles metalizados plateados unen fuerzas para imitar la reluciente fachada del estadio renovado. AEROREADY, que mantiene la piel seca, garantiza que los fans est\u00e9n tan c\u00f3modos como en casa cuando vayan a animar a su equipo.  Entallada  Cuello redondo  100 % poli\u00e9ster (reciclado)  AEROREADY  Escudo del Real Madrid bordado  Color del art\u00edculo: Legend Ink  N\u00famero de art\u00edculo: JJ4182                                                                                                                                                                                                                                                                                                                                                                                                                                                                                                                                                                                                                                                                                                                                                                                                                                                                                                                                                                                                                                        <\/p>\n","protected":false},"excerpt":{"rendered":"<p>CAMISA REAL MADRID 2\u00aa TEMP. 2025\/26<\/p>\n","protected":false},"featured_media":58772,"template":"","meta":[],"product_brand":[],"product_cat":[245],"product_tag":[18],"class_list":{"0":"post-46019","1":"product","2":"type-product","3":"status-publish","4":"has-post-thumbnail","6":"product_cat-hombre_textil_camisetas","7":"product_tag-adidas","8":"pa_color-unico","9":"pa_talla-l","10":"pa_talla-m","11":"pa_talla-s","12":"pa_talla-xxl","13":"thunk-woo-product-list","14":"opn-qv-enable","15":"open-woo-hover-","16":"open-single-product-tab-horizontal","17":"open-shadow-","18":"open-shadow-hover-","20":"first","21":"instock","22":"sale","23":"shipping-taxable","24":"purchasable","25":"product-type-variable"},"jetpack_sharing_enabled":true,"_links":{"self":[{"href":"https:\/\/www.deporteseli.com\/index.php?rest_route=\/wp\/v2\/product\/46019","targetHints":{"allow":["GET"]}}],"collection":[{"href":"https:\/\/www.deporteseli.com\/index.php?rest_route=\/wp\/v2\/product"}],"about":[{"href":"https:\/\/www.deporteseli.com\/index.php?rest_route=\/wp\/v2\/types\/product"}],"wp:featuredmedia":[{"embeddable":true,"href":"https:\/\/www.deporteseli.com\/index.php?rest_route=\/wp\/v2\/media\/58772"}],"wp:attachment":[{"href":"https:\/\/www.deporteseli.com\/index.php?rest_route=%2Fwp%2Fv2%2Fmedia&parent=46019"}],"wp:term":[{"taxonomy":"product_brand","embeddable":true,"href":"https:\/\/www.deporteseli.com\/index.php?rest_route=%2Fwp%2Fv2%2Fproduct_brand&post=46019"},{"taxonomy":"product_cat","embeddable":true,"href":"https:\/\/www.deporteseli.com\/index.php?rest_route=%2Fwp%2Fv2%2Fproduct_cat&post=46019"},{"taxonomy":"product_tag","embeddable":true,"href":"https:\/\/www.deporteseli.com\/index.php?rest_route=%2Fwp%2Fv2%2Fproduct_tag&post=46019"}],"curies":[{"name":"wp","href":"https:\/\/api.w.org\/{rel}","templated":true}]}}