{"id":46010,"date":"2026-01-27T21:05:03","date_gmt":"2026-01-27T21:05:03","guid":{"rendered":"https:\/\/www.deporteseli.com\/?product=tenis-adidas-jq7863"},"modified":"2026-01-27T21:05:13","modified_gmt":"2026-01-27T21:05:13","slug":"tenis-adidas-jq7863","status":"publish","type":"product","link":"https:\/\/www.deporteseli.com\/?product=tenis-adidas-jq7863","title":{"rendered":"TENIS ADIDAS JQ7863"},"content":{"rendered":"<p>Tenis inspirados en el b\u00e1squet con tiras ajustables de cierre por contacto  Inspirados en modelos cl\u00e1sicos de b\u00e1squet, estos tenis adidas lucen un dise\u00f1o vers\u00e1til que encaja a la perfecci\u00f3n en tu rutina diaria. La silueta de corte bajo y el exterior de cuero sint\u00e9tico los hacen muy f\u00e1ciles de combinar. Las tiras ajustables de cierre por contacto hacen que sean f\u00e1ciles de poner y quitar. La suela tipo cupsole de caucho se inspira en los modelos cl\u00e1sicos de b\u00e1squet.  Ajuste cl\u00e1sico  Tira ajustable de cierre por contacto  Exterior de cuero sint\u00e9tico  Panel alrededor del tobillo y forro de malla  Mediasuela con amortiguaci\u00f3n  Suela tipo cupsole de caucho  Color del art\u00edculo: Cloud White \/ Core Black \/ Better Scarlet  N\u00famero de art\u00edculo: JQ7863                                                                                                                                                                                                                                                                                                                                                                                                                                                                                                                                                                                                                                                                                                                                                                                                                                                                                                                                                                                                                                        <\/p>\n","protected":false},"excerpt":{"rendered":"<p>TENIS ADIDAS JQ7863<\/p>\n","protected":false},"featured_media":58769,"template":"","meta":[],"product_brand":[],"product_cat":[310],"product_tag":[18],"class_list":{"0":"post-46010","1":"product","2":"type-product","3":"status-publish","4":"has-post-thumbnail","6":"product_cat-nino_calzado_casual","7":"product_tag-adidas","8":"pa_color-unico","9":"pa_talla-125","10":"pa_talla-127","11":"pa_talla-129","12":"pa_talla-131","13":"pa_talla-133","14":"pa_talla-135","15":"pa_talla-137","16":"pa_talla-139","17":"thunk-woo-product-list","18":"opn-qv-enable","19":"open-woo-hover-","20":"open-single-product-tab-horizontal","21":"open-shadow-","22":"open-shadow-hover-","24":"first","25":"instock","26":"sale","27":"shipping-taxable","28":"purchasable","29":"product-type-variable"},"jetpack_sharing_enabled":true,"_links":{"self":[{"href":"https:\/\/www.deporteseli.com\/index.php?rest_route=\/wp\/v2\/product\/46010","targetHints":{"allow":["GET"]}}],"collection":[{"href":"https:\/\/www.deporteseli.com\/index.php?rest_route=\/wp\/v2\/product"}],"about":[{"href":"https:\/\/www.deporteseli.com\/index.php?rest_route=\/wp\/v2\/types\/product"}],"wp:featuredmedia":[{"embeddable":true,"href":"https:\/\/www.deporteseli.com\/index.php?rest_route=\/wp\/v2\/media\/58769"}],"wp:attachment":[{"href":"https:\/\/www.deporteseli.com\/index.php?rest_route=%2Fwp%2Fv2%2Fmedia&parent=46010"}],"wp:term":[{"taxonomy":"product_brand","embeddable":true,"href":"https:\/\/www.deporteseli.com\/index.php?rest_route=%2Fwp%2Fv2%2Fproduct_brand&post=46010"},{"taxonomy":"product_cat","embeddable":true,"href":"https:\/\/www.deporteseli.com\/index.php?rest_route=%2Fwp%2Fv2%2Fproduct_cat&post=46010"},{"taxonomy":"product_tag","embeddable":true,"href":"https:\/\/www.deporteseli.com\/index.php?rest_route=%2Fwp%2Fv2%2Fproduct_tag&post=46010"}],"curies":[{"name":"wp","href":"https:\/\/api.w.org\/{rel}","templated":true}]}}