{"id":46003,"date":"2026-01-27T21:04:54","date_gmt":"2026-01-27T21:04:54","guid":{"rendered":"https:\/\/www.deporteseli.com\/?product=set-real-madrid-2a-equipacion-25-26"},"modified":"2026-01-27T21:04:58","modified_gmt":"2026-01-27T21:04:58","slug":"set-real-madrid-2a-equipacion-25-26","status":"publish","type":"product","link":"https:\/\/www.deporteseli.com\/?product=set-real-madrid-2a-equipacion-25-26","title":{"rendered":"SET REAL MADRID 2\u00aa EQUIPACION 25\/26"},"content":{"rendered":"<p>Camiseta juvenil de visitante del Real Madrid 25\/26 para ni\u00f1os  Camiseta infantil del Real Madrid que rinde homenaje a la nueva imagen del estadio Bernab\u00e9u.  Tanto si has estado en el m\u00e1gico Bernab\u00e9u como si no, demuestra tu pasi\u00f3n por el f\u00fatbol con esta equipaci\u00f3n adidas juvenil inspirada en el estadio. Una versi\u00f3n reducida de la que usan los jugadores fuera de casa, presenta un patr\u00f3n con efecto moir\u00e9 y detalles met\u00e1licos plateados que imitan la brillante fachada del estadio. La tecnolog\u00eda de gesti\u00f3n de la humedad AEROREADY garantiza la comodidad tanto si animas a tus \u00eddolos desde la grada como si los imitas en el campo.                                                                                                                                                                                                                                                                                                                                                                                                                                                                                                                                                                                                                                                                                                                                                                                                                                                                                                                                                                                                                                        <\/p>\n","protected":false},"excerpt":{"rendered":"<p>SET REAL MADRID 2\u00aa EQUIPACION 25\/26<\/p>\n","protected":false},"featured_media":58763,"template":"","meta":[],"product_brand":[],"product_cat":[297],"product_tag":[18],"class_list":{"0":"post-46003","1":"product","2":"type-product","3":"status-publish","4":"has-post-thumbnail","6":"product_cat-nino_textil_conjuntos","7":"product_tag-adidas","8":"pa_color-unico","9":"pa_talla-t-10","10":"pa_talla-t-12","11":"pa_talla-t-8","12":"thunk-woo-product-list","13":"opn-qv-enable","14":"open-woo-hover-","15":"open-single-product-tab-horizontal","16":"open-shadow-","17":"open-shadow-hover-","19":"first","20":"instock","21":"sale","22":"shipping-taxable","23":"purchasable","24":"product-type-variable"},"jetpack_sharing_enabled":true,"_links":{"self":[{"href":"https:\/\/www.deporteseli.com\/index.php?rest_route=\/wp\/v2\/product\/46003","targetHints":{"allow":["GET"]}}],"collection":[{"href":"https:\/\/www.deporteseli.com\/index.php?rest_route=\/wp\/v2\/product"}],"about":[{"href":"https:\/\/www.deporteseli.com\/index.php?rest_route=\/wp\/v2\/types\/product"}],"wp:featuredmedia":[{"embeddable":true,"href":"https:\/\/www.deporteseli.com\/index.php?rest_route=\/wp\/v2\/media\/58763"}],"wp:attachment":[{"href":"https:\/\/www.deporteseli.com\/index.php?rest_route=%2Fwp%2Fv2%2Fmedia&parent=46003"}],"wp:term":[{"taxonomy":"product_brand","embeddable":true,"href":"https:\/\/www.deporteseli.com\/index.php?rest_route=%2Fwp%2Fv2%2Fproduct_brand&post=46003"},{"taxonomy":"product_cat","embeddable":true,"href":"https:\/\/www.deporteseli.com\/index.php?rest_route=%2Fwp%2Fv2%2Fproduct_cat&post=46003"},{"taxonomy":"product_tag","embeddable":true,"href":"https:\/\/www.deporteseli.com\/index.php?rest_route=%2Fwp%2Fv2%2Fproduct_tag&post=46003"}],"curies":[{"name":"wp","href":"https:\/\/api.w.org\/{rel}","templated":true}]}}