{"id":45999,"date":"2026-01-27T21:04:48","date_gmt":"2026-01-27T21:04:48","guid":{"rendered":"https:\/\/www.deporteseli.com\/?product=pala-bullpadel-discover-pwr"},"modified":"2026-01-27T21:04:50","modified_gmt":"2026-01-27T21:04:50","slug":"pala-bullpadel-discover-pwr","status":"publish","type":"product","link":"https:\/\/www.deporteseli.com\/?product=pala-bullpadel-discover-pwr","title":{"rendered":"PALA BULLPADEL DISCOVER PWR"},"content":{"rendered":"<p>Pala Discover Power \u2013 Potencia explosiva con forma de diamante para jugadores exigentes  Ideal para jugadores de nivel medio y avanzado que buscan m\u00e1ximo rendimiento en cada golpe  La Discover Power destaca por su forma de diamante que potencia los golpes ofensivos sin renunciar a la manejabilidad. Su construcci\u00f3n incluye fibra de vidrio Polyglass en el n\u00facleo exterior, goma SoftEva en el interior y un marco 100% de carbono CarbonTube que ofrece resistencia y control.    El dise\u00f1o Curvedge 3D mejora la aerodin\u00e1mica de la pala, reduciendo la resistencia al aire y aportando una mayor velocidad de reacci\u00f3n. Perfecta para quienes buscan juego potente y equilibrado.    Caracter\u00edsticas T\u00e9cnicas  Peso: 360\u2013370 g  Perfil: 38 mm  Balance: Medio \/ Alto  Forma: Diamante  Composici\u00f3n exterior: Fibra de vidrio Polyglass  Composici\u00f3n interior: Goma SoftEva  Marco: CarbonTube 100% Carbono  Tipo de pala: Potencia  Nivel de juego: Medio \/ Avanzado                                                                                                                                                                                                                                                                                                                                                                                                                                                                                                                                                                                                                                                                                                                                                                                                                                                                                                                                                                                                                                        <\/p>\n","protected":false},"excerpt":{"rendered":"<p>PALA BULLPADEL DISCOVER PWR<\/p>\n","protected":false},"featured_media":58758,"template":"","meta":[],"product_brand":[],"product_cat":[353],"product_tag":[21],"class_list":{"0":"post-45999","1":"product","2":"type-product","3":"status-publish","4":"has-post-thumbnail","6":"product_cat-padel_y_tenis_palas","7":"product_tag-bull_padel","8":"pa_color-unico","9":"pa_talla-unica","10":"thunk-woo-product-list","11":"opn-qv-enable","12":"open-woo-hover-","13":"open-single-product-tab-horizontal","14":"open-shadow-","15":"open-shadow-hover-","17":"first","18":"instock","19":"sale","20":"shipping-taxable","21":"purchasable","22":"product-type-variable"},"jetpack_sharing_enabled":true,"_links":{"self":[{"href":"https:\/\/www.deporteseli.com\/index.php?rest_route=\/wp\/v2\/product\/45999","targetHints":{"allow":["GET"]}}],"collection":[{"href":"https:\/\/www.deporteseli.com\/index.php?rest_route=\/wp\/v2\/product"}],"about":[{"href":"https:\/\/www.deporteseli.com\/index.php?rest_route=\/wp\/v2\/types\/product"}],"wp:featuredmedia":[{"embeddable":true,"href":"https:\/\/www.deporteseli.com\/index.php?rest_route=\/wp\/v2\/media\/58758"}],"wp:attachment":[{"href":"https:\/\/www.deporteseli.com\/index.php?rest_route=%2Fwp%2Fv2%2Fmedia&parent=45999"}],"wp:term":[{"taxonomy":"product_brand","embeddable":true,"href":"https:\/\/www.deporteseli.com\/index.php?rest_route=%2Fwp%2Fv2%2Fproduct_brand&post=45999"},{"taxonomy":"product_cat","embeddable":true,"href":"https:\/\/www.deporteseli.com\/index.php?rest_route=%2Fwp%2Fv2%2Fproduct_cat&post=45999"},{"taxonomy":"product_tag","embeddable":true,"href":"https:\/\/www.deporteseli.com\/index.php?rest_route=%2Fwp%2Fv2%2Fproduct_tag&post=45999"}],"curies":[{"name":"wp","href":"https:\/\/api.w.org\/{rel}","templated":true}]}}