{"id":45994,"date":"2026-01-27T21:04:42","date_gmt":"2026-01-27T21:04:42","guid":{"rendered":"https:\/\/www.deporteseli.com\/?product=balon-adidas-ip1648"},"modified":"2026-03-28T05:20:19","modified_gmt":"2026-03-28T05:20:19","slug":"balon-adidas-ip1648","status":"publish","type":"product","link":"https:\/\/www.deporteseli.com\/?product=balon-adidas-ip1648","title":{"rendered":"BALON ADIDAS IP1648"},"content":{"rendered":"<p>El bal\u00f3n de f\u00fatbol adidas Starlancer Club es perfecto para pulir tus habilidades en el terreno de juego o en el parque. Dise\u00f1ado para jugar partidillos, presenta una estructura cosida a m\u00e1quina y una cubierta de poliuretano que ofrecen mayor resistencia al desgaste. Lo \u00fanico que tienes que hacer es concentrarte en tu juego de pies y disfrutar de tu deporte favorito.                                                                                                                                                                                                                                                                                                                                                                                                                                                                                                                                                                                                                                                                                                                                                                                                                                                                                                                                                                                                                                        <\/p>\n","protected":false},"excerpt":{"rendered":"<p>BALON ADIDAS IP1648<\/p>\n","protected":false},"featured_media":58752,"template":"","meta":[],"product_brand":[],"product_cat":[347],"product_tag":[18],"class_list":{"0":"post-45994","1":"product","2":"type-product","3":"status-publish","4":"has-post-thumbnail","6":"product_cat-deportes_balones","7":"product_tag-adidas","8":"pa_color-unico","9":"pa_talla-168","10":"pa_talla-169","11":"thunk-woo-product-list","12":"opn-qv-enable","13":"open-woo-hover-","14":"open-single-product-tab-horizontal","15":"open-shadow-","16":"open-shadow-hover-","18":"first","19":"instock","20":"shipping-taxable","21":"purchasable","22":"product-type-variable"},"jetpack_sharing_enabled":true,"_links":{"self":[{"href":"https:\/\/www.deporteseli.com\/index.php?rest_route=\/wp\/v2\/product\/45994","targetHints":{"allow":["GET"]}}],"collection":[{"href":"https:\/\/www.deporteseli.com\/index.php?rest_route=\/wp\/v2\/product"}],"about":[{"href":"https:\/\/www.deporteseli.com\/index.php?rest_route=\/wp\/v2\/types\/product"}],"wp:featuredmedia":[{"embeddable":true,"href":"https:\/\/www.deporteseli.com\/index.php?rest_route=\/wp\/v2\/media\/58752"}],"wp:attachment":[{"href":"https:\/\/www.deporteseli.com\/index.php?rest_route=%2Fwp%2Fv2%2Fmedia&parent=45994"}],"wp:term":[{"taxonomy":"product_brand","embeddable":true,"href":"https:\/\/www.deporteseli.com\/index.php?rest_route=%2Fwp%2Fv2%2Fproduct_brand&post=45994"},{"taxonomy":"product_cat","embeddable":true,"href":"https:\/\/www.deporteseli.com\/index.php?rest_route=%2Fwp%2Fv2%2Fproduct_cat&post=45994"},{"taxonomy":"product_tag","embeddable":true,"href":"https:\/\/www.deporteseli.com\/index.php?rest_route=%2Fwp%2Fv2%2Fproduct_tag&post=45994"}],"curies":[{"name":"wp","href":"https:\/\/api.w.org\/{rel}","templated":true}]}}