{"id":45983,"date":"2026-01-27T21:04:27","date_gmt":"2026-01-27T21:04:27","guid":{"rendered":"https:\/\/www.deporteseli.com\/?product=gorra-adidas-jf8484"},"modified":"2026-01-27T21:04:30","modified_gmt":"2026-01-27T21:04:30","slug":"gorra-adidas-jf8484","status":"publish","type":"product","link":"https:\/\/www.deporteseli.com\/?product=gorra-adidas-jf8484","title":{"rendered":"GORRA ADIDAS JF8484"},"content":{"rendered":"<p>Estilo y funcionalidad  Ya sea para ir al gimnasio o para salir a dar una vuelta, esta gorra adidas te ofrece todo lo que necesitas. Se ha confeccionado en un tejido ligero y transpirable que te permite entrenar sin distracciones. El cierre regulable en la nuca te garantiza un ajuste a medida para que solo te concentres en tus objetivos.    Este producto se ha fabricado con al menos un 50% de materiales reciclados. Utilizando materiales reciclados, reducimos los residuos, nuestra dependencia de los recursos finitos y la huella que generan los productos que fabricamos.  Talla \u00fanica  100% poli\u00e9ster (reciclado)  Visera curvada de tama\u00f1o medio  Color del art\u00edculo: White  N\u00famero de art\u00edculo: JF8484                                                                                                                                                                                                                                                                                                                                                                                                                                                                                                                                                                                                                                                                                                                                                                                                                                                                                                                                                                                                                                        <\/p>\n","protected":false},"excerpt":{"rendered":"<p>GORRA ADIDAS JF8484<\/p>\n","protected":false},"featured_media":58745,"template":"","meta":[],"product_brand":[],"product_cat":[399],"product_tag":[18],"class_list":{"0":"post-45983","1":"product","2":"type-product","3":"status-publish","4":"has-post-thumbnail","6":"product_cat-accesorios_gorras","7":"product_tag-adidas","8":"pa_color-unico","9":"pa_talla-l","10":"pa_talla-m","11":"thunk-woo-product-list","12":"opn-qv-enable","13":"open-woo-hover-","14":"open-single-product-tab-horizontal","15":"open-shadow-","16":"open-shadow-hover-","18":"first","19":"instock","20":"shipping-taxable","21":"purchasable","22":"product-type-variable"},"jetpack_sharing_enabled":true,"_links":{"self":[{"href":"https:\/\/www.deporteseli.com\/index.php?rest_route=\/wp\/v2\/product\/45983","targetHints":{"allow":["GET"]}}],"collection":[{"href":"https:\/\/www.deporteseli.com\/index.php?rest_route=\/wp\/v2\/product"}],"about":[{"href":"https:\/\/www.deporteseli.com\/index.php?rest_route=\/wp\/v2\/types\/product"}],"wp:featuredmedia":[{"embeddable":true,"href":"https:\/\/www.deporteseli.com\/index.php?rest_route=\/wp\/v2\/media\/58745"}],"wp:attachment":[{"href":"https:\/\/www.deporteseli.com\/index.php?rest_route=%2Fwp%2Fv2%2Fmedia&parent=45983"}],"wp:term":[{"taxonomy":"product_brand","embeddable":true,"href":"https:\/\/www.deporteseli.com\/index.php?rest_route=%2Fwp%2Fv2%2Fproduct_brand&post=45983"},{"taxonomy":"product_cat","embeddable":true,"href":"https:\/\/www.deporteseli.com\/index.php?rest_route=%2Fwp%2Fv2%2Fproduct_cat&post=45983"},{"taxonomy":"product_tag","embeddable":true,"href":"https:\/\/www.deporteseli.com\/index.php?rest_route=%2Fwp%2Fv2%2Fproduct_tag&post=45983"}],"curies":[{"name":"wp","href":"https:\/\/api.w.org\/{rel}","templated":true}]}}